{"id":225,"date":"2021-07-13T10:47:04","date_gmt":"2021-07-13T13:47:04","guid":{"rendered":"https:\/\/vrinspecao.com.br\/site\/?page_id=225"},"modified":"2024-08-05T10:49:24","modified_gmt":"2024-08-05T13:49:24","slug":"fabricados-artesanalmente","status":"publish","type":"page","link":"https:\/\/vrinspecao.com.br\/site\/fabricados-artesanalmente\/","title":{"rendered":"Fabricados Artesanalmente"},"content":{"rendered":"\t\t<div data-elementor-type=\"wp-page\" data-elementor-id=\"225\" class=\"elementor elementor-225\" data-elementor-post-type=\"page\">\n\t\t\t\t\t\t<section class=\"elementor-section elementor-top-section elementor-element elementor-element-2b81b81 elementor-section-boxed elementor-section-height-default elementor-section-height-default exad-glass-effect-no exad-sticky-section-no\" data-id=\"2b81b81\" data-element_type=\"section\">\n\t\t\t\t\t\t<div class=\"elementor-container elementor-column-gap-default\">\n\t\t\t\t\t<div class=\"elementor-column elementor-col-25 elementor-top-column elementor-element elementor-element-108db75 exad-glass-effect-no exad-sticky-section-no\" data-id=\"108db75\" data-element_type=\"column\">\n\t\t\t<div class=\"elementor-widget-wrap\">\n\t\t\t\t\t\t\t<\/div>\n\t\t<\/div>\n\t\t\t\t<div class=\"elementor-column elementor-col-50 elementor-top-column elementor-element elementor-element-b40ecd1 exad-glass-effect-no exad-sticky-section-no\" data-id=\"b40ecd1\" data-element_type=\"column\">\n\t\t\t<div class=\"elementor-widget-wrap elementor-element-populated\">\n\t\t\t\t\t\t<div class=\"elementor-element elementor-element-eeecbc9 exad-sticky-section-no exad-glass-effect-no elementor-widget elementor-widget-heading\" data-id=\"eeecbc9\" data-element_type=\"widget\" data-widget_type=\"heading.default\">\n\t\t\t\t<div class=\"elementor-widget-container\">\n\t\t\t\t\t<h2 class=\"elementor-heading-title elementor-size-default\">Fabricados Artesanalmente<\/h2>\t\t\t\t<\/div>\n\t\t\t\t<\/div>\n\t\t\t\t<div class=\"elementor-element elementor-element-fad7285 exad-sticky-section-no exad-glass-effect-no elementor-widget elementor-widget-image\" data-id=\"fad7285\" data-element_type=\"widget\" data-widget_type=\"image.default\">\n\t\t\t\t<div class=\"elementor-widget-container\">\n\t\t\t\t\t\t\t\t\t\t\t\t\t\t\t<img fetchpriority=\"high\" decoding=\"async\" width=\"1024\" height=\"581\" src=\"https:\/\/vrinspecao.com.br\/site\/wp-content\/uploads\/2021\/07\/serv5-1024x581.jpeg\" class=\"attachment-large size-large wp-image-433\" alt=\"\" srcset=\"https:\/\/vrinspecao.com.br\/site\/wp-content\/uploads\/2021\/07\/serv5-1024x581.jpeg 1024w, https:\/\/vrinspecao.com.br\/site\/wp-content\/uploads\/2021\/07\/serv5-300x170.jpeg 300w, https:\/\/vrinspecao.com.br\/site\/wp-content\/uploads\/2021\/07\/serv5-768x436.jpeg 768w, https:\/\/vrinspecao.com.br\/site\/wp-content\/uploads\/2021\/07\/serv5.jpeg 1200w\" sizes=\"(max-width: 1024px) 100vw, 1024px\" \/>\t\t\t\t\t\t\t\t\t\t\t\t\t\t\t<\/div>\n\t\t\t\t<\/div>\n\t\t\t\t<div class=\"elementor-element elementor-element-4981302 exad-sticky-section-no exad-glass-effect-no elementor-widget elementor-widget-text-editor\" data-id=\"4981302\" data-element_type=\"widget\" data-widget_type=\"text-editor.default\">\n\t\t\t\t<div class=\"elementor-widget-container\">\n\t\t\t\t\t\t\t\t\t<p>Os ve\u00edculos de fabrica\u00e7\u00e3o artesanal devem atender a legisla\u00e7\u00e3o vigente procurando os profissionais adequados para os servi\u00e7os especializados. Determinadas pe\u00e7as do ve\u00edculo devem ser obrigatoriamente novas. O propriet\u00e1rio dever\u00e1 primeiramente solicitar ao \u00d3rg\u00e3o de Tr\u00e2nsito autoriza\u00e7\u00e3o para esta fabrica\u00e7\u00e3o e obter o n\u00famero do chassi artesanal, o qual dever\u00e1 ser gravado no ve\u00edculo. Ap\u00f3s, apresentar o ve\u00edculo pronto para inspe\u00e7\u00e3o na VR INSPE\u00c7\u00c3O com os documentos necess\u00e1rios a fim de obter o Certificado de Seguran\u00e7a Veicular \u2013 CSV.<\/p>\t\t\t\t\t\t\t\t<\/div>\n\t\t\t\t<\/div>\n\t\t\t\t<div class=\"elementor-element elementor-element-7cd0d50 exad-sticky-section-no exad-glass-effect-no elementor-widget elementor-widget-heading\" data-id=\"7cd0d50\" data-element_type=\"widget\" data-widget_type=\"heading.default\">\n\t\t\t\t<div class=\"elementor-widget-container\">\n\t\t\t\t\t<h5 class=\"elementor-heading-title elementor-size-default\">Documenta\u00e7\u00e3o:<\/h5>\t\t\t\t<\/div>\n\t\t\t\t<\/div>\n\t\t\t\t<div class=\"elementor-element elementor-element-b6e4e1c elementor-icon-list--layout-traditional elementor-list-item-link-full_width exad-sticky-section-no exad-glass-effect-no elementor-widget elementor-widget-icon-list\" data-id=\"b6e4e1c\" data-element_type=\"widget\" data-widget_type=\"icon-list.default\">\n\t\t\t\t<div class=\"elementor-widget-container\">\n\t\t\t\t\t\t\t<ul class=\"elementor-icon-list-items\">\n\t\t\t\t\t\t\t<li class=\"elementor-icon-list-item\">\n\t\t\t\t\t\t\t\t\t\t\t<span class=\"elementor-icon-list-icon\">\n\t\t\t\t\t\t\t<i aria-hidden=\"true\" class=\"fas fa-dot-circle\"><\/i>\t\t\t\t\t\t<\/span>\n\t\t\t\t\t\t\t\t\t\t<span class=\"elementor-icon-list-text\">Autoriza\u00e7\u00e3o fornecida pelo \u00d3rg\u00e3o de Tr\u00e2nsito (Detran)<\/span>\n\t\t\t\t\t\t\t\t\t<\/li>\n\t\t\t\t\t\t\t\t<li class=\"elementor-icon-list-item\">\n\t\t\t\t\t\t\t\t\t\t\t<span class=\"elementor-icon-list-icon\">\n\t\t\t\t\t\t\t<i aria-hidden=\"true\" class=\"fas fa-dot-circle\"><\/i>\t\t\t\t\t\t<\/span>\n\t\t\t\t\t\t\t\t\t\t<span class=\"elementor-icon-list-text\">CNH (Carteira Nacional de Habilita\u00e7\u00e3o) do condutor do ve\u00edculo<\/span>\n\t\t\t\t\t\t\t\t\t<\/li>\n\t\t\t\t\t\t\t\t<li class=\"elementor-icon-list-item\">\n\t\t\t\t\t\t\t\t\t\t\t<span class=\"elementor-icon-list-icon\">\n\t\t\t\t\t\t\t<i aria-hidden=\"true\" class=\"fas fa-dot-circle\"><\/i>\t\t\t\t\t\t<\/span>\n\t\t\t\t\t\t\t\t\t\t<span class=\"elementor-icon-list-text\">Desenhos t\u00e9cnicos com as dimens\u00f5es e especifica\u00e7\u00f5es t\u00e9cnicas do ve\u00edculo<\/span>\n\t\t\t\t\t\t\t\t\t<\/li>\n\t\t\t\t\t\t\t\t<li class=\"elementor-icon-list-item\">\n\t\t\t\t\t\t\t\t\t\t\t<span class=\"elementor-icon-list-icon\">\n\t\t\t\t\t\t\t<i aria-hidden=\"true\" class=\"fas fa-dot-circle\"><\/i>\t\t\t\t\t\t<\/span>\n\t\t\t\t\t\t\t\t\t\t<span class=\"elementor-icon-list-text\">Anota\u00e7\u00e3o de responsabilidade t\u00e9cnica (ART) do engenheiro respons\u00e1vel pelo projeto e fabrica\u00e7\u00e3o do ve\u00edculo<\/span>\n\t\t\t\t\t\t\t\t\t<\/li>\n\t\t\t\t\t\t\t\t<li class=\"elementor-icon-list-item\">\n\t\t\t\t\t\t\t\t\t\t\t<span class=\"elementor-icon-list-icon\">\n\t\t\t\t\t\t\t<i aria-hidden=\"true\" class=\"fas fa-dot-circle\"><\/i>\t\t\t\t\t\t<\/span>\n\t\t\t\t\t\t\t\t\t\t<span class=\"elementor-icon-list-text\">Documentos fiscais de aquisi\u00e7\u00e3o dos principais componentes\/conjuntos utilizados na fabrica\u00e7\u00e3o do ve\u00edculo<\/span>\n\t\t\t\t\t\t\t\t\t<\/li>\n\t\t\t\t\t\t\t\t<li class=\"elementor-icon-list-item\">\n\t\t\t\t\t\t\t\t\t\t\t<span class=\"elementor-icon-list-icon\">\n\t\t\t\t\t\t\t<i aria-hidden=\"true\" class=\"fas fa-dot-circle\"><\/i>\t\t\t\t\t\t<\/span>\n\t\t\t\t\t\t\t\t\t\t<span class=\"elementor-icon-list-text\">Declara\u00e7\u00e3o do propriet\u00e1rio e do engenheiro respons\u00e1vel de que o ve\u00edculo atende integralmente aos requisitos de seguran\u00e7a veicular pertinentes \u00e0 legisla\u00e7\u00e3o vigente, conforme projeto de engenharia e memorial descritivo arquivados sob sua responsabilidade<\/span>\n\t\t\t\t\t\t\t\t\t<\/li>\n\t\t\t\t\t\t<\/ul>\n\t\t\t\t\t\t<\/div>\n\t\t\t\t<\/div>\n\t\t\t\t<div class=\"elementor-element elementor-element-71a2421 exad-sticky-section-no exad-glass-effect-no elementor-widget elementor-widget-text-editor\" data-id=\"71a2421\" data-element_type=\"widget\" data-widget_type=\"text-editor.default\">\n\t\t\t\t<div class=\"elementor-widget-container\">\n\t\t\t\t\t\t\t\t\t<p>Toda esta documenta\u00e7\u00e3o junto com o CSV deve ser protocolada no \u00d3rg\u00e3o de Tr\u00e2nsito e encaminhada pelo mesmo ao DETRAN para an\u00e1lise e licenciamento.<\/p>\t\t\t\t\t\t\t\t<\/div>\n\t\t\t\t<\/div>\n\t\t\t\t<div class=\"elementor-element elementor-element-1bd4913 elementor-hidden-desktop elementor-hidden-tablet elementor-hidden-mobile exad-sticky-section-no exad-glass-effect-no elementor-widget elementor-widget-exad-modal-popup\" data-id=\"1bd4913\" data-element_type=\"widget\" data-widget_type=\"exad-modal-popup.default\">\n\t\t\t\t<div class=\"elementor-widget-container\">\n\t\t\t\t\t\t\t\r\n\t\t<div class=\"exad-modal\">\r\n\t\t\t<div class=\"exad-modal-wrapper\">\r\n\r\n\t\t\t\t<div class=\"exad-modal-button exad-modal-btn-fixed-width-no\">\r\n\t\t\t\t\t<a href=\"#\" class=\"exad-modal-image-action image-modal\" data-exad-modal=\"#exad-modal-1bd4913\" data-exad-overlay=\"yes\" >\r\n\t\t\t\t\t\t<span class=\"exad-modal-action-icon-\">\r\n\t\t\t\t\t\t\tVALOR DO SERVI\u00c7O\t\t\t\t\t\t<\/span>\r\n\t\t\t\t\t<\/a>\r\n\t\t\t\t<\/div>\r\n\t\t\r\n\t\t\t\t<div id=\"exad-modal-1bd4913\" class=\"exad-modal-item modal-vimeo top-to-middle shortcode exad-content-overflow-x-yes exad-content-overflow-y-yes\" data-exad_modal_prevent_page_scroll=\"no\" >\r\n\t\t\t\t\t<div class=\"exad-modal-content\">\r\n\t\t\t\t\t\t<div class=\"exad-modal-element \">\r\n\t\t\t\t\t\t\t\t\t<div data-elementor-type=\"wp-post\" data-elementor-id=\"1074\" class=\"elementor elementor-1074\" data-elementor-post-type=\"ae_global_templates\">\n\t\t\t\t\t\t<section class=\"elementor-section elementor-top-section elementor-element elementor-element-e22dbd3 elementor-section-content-middle elementor-section-boxed elementor-section-height-default elementor-section-height-default exad-sticky-section-no\" data-id=\"e22dbd3\" data-element_type=\"section\">\n\t\t\t\t\t\t<div class=\"elementor-container elementor-column-gap-default\">\n\t\t\t\t\t<div class=\"elementor-column elementor-col-100 elementor-top-column elementor-element elementor-element-1383423 exad-glass-effect-no exad-sticky-section-no\" data-id=\"1383423\" data-element_type=\"column\" data-settings=\"{&quot;background_background&quot;:&quot;classic&quot;}\">\n\t\t\t<div class=\"elementor-widget-wrap elementor-element-populated\">\n\t\t\t\t\t\t<div class=\"elementor-element elementor-element-b845c9f exad-sticky-section-no exad-glass-effect-no elementor-widget elementor-widget-heading\" data-id=\"b845c9f\" data-element_type=\"widget\" data-widget_type=\"heading.default\">\n\t\t\t\t<div class=\"elementor-widget-container\">\n\t\t\t\t\t<h3 class=\"elementor-heading-title elementor-size-default\">Qual a melhor localidade para voc\u00ea?<\/h3>\t\t\t\t<\/div>\n\t\t\t\t<\/div>\n\t\t\t\t<div class=\"elementor-element elementor-element-34fb717 elementor-align-center elementor-widget__width-inherit elementor-widget-mobile__width-inherit exad-sticky-section-no exad-glass-effect-no elementor-widget elementor-widget-button\" data-id=\"34fb717\" data-element_type=\"widget\" data-widget_type=\"button.default\">\n\t\t\t\t<div class=\"elementor-widget-container\">\n\t\t\t\t\t\t\t\t\t<div class=\"elementor-button-wrapper\">\n\t\t\t\t\t<a class=\"elementor-button elementor-button-link elementor-size-md elementor-animation-grow\" href=\"https:\/\/vrinspecao.com.br\/site\/valor-fabricados-artesanalmente\/\">\n\t\t\t\t\t\t<span class=\"elementor-button-content-wrapper\">\n\t\t\t\t\t\t\t\t\t<span class=\"elementor-button-text\">Volta Redonda<\/span>\n\t\t\t\t\t<\/span>\n\t\t\t\t\t<\/a>\n\t\t\t\t<\/div>\n\t\t\t\t\t\t\t\t<\/div>\n\t\t\t\t<\/div>\n\t\t\t\t<div class=\"elementor-element elementor-element-bab5e26 elementor-align-center elementor-widget__width-inherit elementor-widget-mobile__width-inherit exad-sticky-section-no exad-glass-effect-no elementor-widget elementor-widget-button\" data-id=\"bab5e26\" data-element_type=\"widget\" data-widget_type=\"button.default\">\n\t\t\t\t<div class=\"elementor-widget-container\">\n\t\t\t\t\t\t\t\t\t<div class=\"elementor-button-wrapper\">\n\t\t\t\t\t<a class=\"elementor-button elementor-button-link elementor-size-md elementor-animation-grow\" href=\"https:\/\/barradopirai.vrinspecao.com.br\/valor-fabricados-artesanalmente\/\">\n\t\t\t\t\t\t<span class=\"elementor-button-content-wrapper\">\n\t\t\t\t\t\t\t\t\t<span class=\"elementor-button-text\">Barra do Pira\u00ed<\/span>\n\t\t\t\t\t<\/span>\n\t\t\t\t\t<\/a>\n\t\t\t\t<\/div>\n\t\t\t\t\t\t\t\t<\/div>\n\t\t\t\t<\/div>\n\t\t\t\t\t<\/div>\n\t\t<\/div>\n\t\t\t\t\t<\/div>\n\t\t<\/section>\n\t\t\t\t<\/div>\n\t\t\r\n\t\t\t\t\t\t\t<div class=\"exad-close-btn\">\r\n\t\t\t\t\t\t\t\t<span><\/span>\r\n\t\t\t\t\t\t\t<\/div>\r\n\r\n\t\t\t\t\t\t<\/div>\r\n\t\t\t\t\t<\/div>\r\n\t\t\t\t<\/div>\r\n\t\t\t<\/div>\r\n\t\t\t<div class=\"exad-modal-overlay\" data-exad_overlay_click_close=\"yes\"><\/div>\r\n\t\t<\/div>\r\n\t\t\t\t\t<\/div>\n\t\t\t\t<\/div>\n\t\t\t\t<div class=\"elementor-element elementor-element-cbea711 elementor-align-center exad-sticky-section-no exad-glass-effect-no elementor-widget elementor-widget-button\" data-id=\"cbea711\" data-element_type=\"widget\" data-widget_type=\"button.default\">\n\t\t\t\t<div class=\"elementor-widget-container\">\n\t\t\t\t\t\t\t\t\t<div class=\"elementor-button-wrapper\">\n\t\t\t\t\t<a class=\"elementor-button elementor-button-link elementor-size-sm\" href=\"https:\/\/vrinspecao.com.br\/site\/valor-fabricados-artesanalmente\/\">\n\t\t\t\t\t\t<span class=\"elementor-button-content-wrapper\">\n\t\t\t\t\t\t\t\t\t<span class=\"elementor-button-text\">VALOR DO SERVI\u00c7O<\/span>\n\t\t\t\t\t<\/span>\n\t\t\t\t\t<\/a>\n\t\t\t\t<\/div>\n\t\t\t\t\t\t\t\t<\/div>\n\t\t\t\t<\/div>\n\t\t\t\t\t<\/div>\n\t\t<\/div>\n\t\t\t\t<div class=\"elementor-column elementor-col-25 elementor-top-column elementor-element elementor-element-fd2dcea exad-glass-effect-no exad-sticky-section-no\" data-id=\"fd2dcea\" data-element_type=\"column\">\n\t\t\t<div class=\"elementor-widget-wrap\">\n\t\t\t\t\t\t\t<\/div>\n\t\t<\/div>\n\t\t\t\t\t<\/div>\n\t\t<\/section>\n\t\t\t\t<\/div>\n\t\t","protected":false},"excerpt":{"rendered":"<p>Fabricados Artesanalmente Os ve\u00edculos de fabrica\u00e7\u00e3o artesanal devem atender a legisla\u00e7\u00e3o vigente procurando os profissionais adequados para os servi\u00e7os especializados. Determinadas pe\u00e7as do ve\u00edculo devem ser obrigatoriamente novas. O propriet\u00e1rio dever\u00e1 primeiramente solicitar ao \u00d3rg\u00e3o de Tr\u00e2nsito autoriza\u00e7\u00e3o para esta fabrica\u00e7\u00e3o e obter o n\u00famero do chassi artesanal, o qual dever\u00e1 ser gravado no ve\u00edculo. [&hellip;]<\/p>\n","protected":false},"author":1,"featured_media":0,"parent":0,"menu_order":0,"comment_status":"closed","ping_status":"closed","template":"elementor_header_footer","meta":{"footnotes":""},"class_list":["post-225","page","type-page","status-publish","hentry"],"yoast_head":"<!-- This site is optimized with the Yoast SEO plugin v26.8 - https:\/\/yoast.com\/product\/yoast-seo-wordpress\/ -->\n<title>VR INSPE\u00c7\u00c3O | Inspe\u00e7\u00e3o Veicular | Volta Redonda RJ - Fabricados Artesanalmente<\/title>\n<meta name=\"robots\" content=\"index, follow, max-snippet:-1, max-image-preview:large, max-video-preview:-1\" \/>\n<link rel=\"canonical\" href=\"https:\/\/vrinspecao.com.br\/site\/fabricados-artesanalmente\/\" \/>\n<meta property=\"og:locale\" content=\"pt_BR\" \/>\n<meta property=\"og:type\" content=\"article\" \/>\n<meta property=\"og:title\" content=\"VR INSPE\u00c7\u00c3O | Inspe\u00e7\u00e3o Veicular | Volta Redonda RJ - Fabricados Artesanalmente\" \/>\n<meta property=\"og:description\" content=\"Fabricados Artesanalmente Os ve\u00edculos de fabrica\u00e7\u00e3o artesanal devem atender a legisla\u00e7\u00e3o vigente procurando os profissionais adequados para os servi\u00e7os especializados. Determinadas pe\u00e7as do ve\u00edculo devem ser obrigatoriamente novas. O propriet\u00e1rio dever\u00e1 primeiramente solicitar ao \u00d3rg\u00e3o de Tr\u00e2nsito autoriza\u00e7\u00e3o para esta fabrica\u00e7\u00e3o e obter o n\u00famero do chassi artesanal, o qual dever\u00e1 ser gravado no ve\u00edculo. [&hellip;]\" \/>\n<meta property=\"og:url\" content=\"https:\/\/vrinspecao.com.br\/site\/fabricados-artesanalmente\/\" \/>\n<meta property=\"og:site_name\" content=\"VR INSPE\u00c7\u00c3O | Inspe\u00e7\u00e3o Veicular | Volta Redonda RJ\" \/>\n<meta property=\"article:modified_time\" content=\"2024-08-05T13:49:24+00:00\" \/>\n<meta property=\"og:image\" content=\"https:\/\/vrinspecao.com.br\/site\/wp-content\/uploads\/2021\/07\/serv5-1024x581.jpeg\" \/>\n<meta name=\"twitter:card\" content=\"summary_large_image\" \/>\n<meta name=\"twitter:label1\" content=\"Est. tempo de leitura\" \/>\n\t<meta name=\"twitter:data1\" content=\"2 minutos\" \/>\n<script type=\"application\/ld+json\" class=\"yoast-schema-graph\">{\"@context\":\"https:\/\/schema.org\",\"@graph\":[{\"@type\":\"WebPage\",\"@id\":\"https:\/\/vrinspecao.com.br\/site\/fabricados-artesanalmente\/\",\"url\":\"https:\/\/vrinspecao.com.br\/site\/fabricados-artesanalmente\/\",\"name\":\"VR INSPE\u00c7\u00c3O | Inspe\u00e7\u00e3o Veicular | Volta Redonda RJ - Fabricados Artesanalmente\",\"isPartOf\":{\"@id\":\"https:\/\/vrinspecao.com.br\/site\/#website\"},\"primaryImageOfPage\":{\"@id\":\"https:\/\/vrinspecao.com.br\/site\/fabricados-artesanalmente\/#primaryimage\"},\"image\":{\"@id\":\"https:\/\/vrinspecao.com.br\/site\/fabricados-artesanalmente\/#primaryimage\"},\"thumbnailUrl\":\"https:\/\/vrinspecao.com.br\/site\/wp-content\/uploads\/2021\/07\/serv5-1024x581.jpeg\",\"datePublished\":\"2021-07-13T13:47:04+00:00\",\"dateModified\":\"2024-08-05T13:49:24+00:00\",\"breadcrumb\":{\"@id\":\"https:\/\/vrinspecao.com.br\/site\/fabricados-artesanalmente\/#breadcrumb\"},\"inLanguage\":\"pt-BR\",\"potentialAction\":[{\"@type\":\"ReadAction\",\"target\":[\"https:\/\/vrinspecao.com.br\/site\/fabricados-artesanalmente\/\"]}]},{\"@type\":\"ImageObject\",\"inLanguage\":\"pt-BR\",\"@id\":\"https:\/\/vrinspecao.com.br\/site\/fabricados-artesanalmente\/#primaryimage\",\"url\":\"https:\/\/vrinspecao.com.br\/site\/wp-content\/uploads\/2021\/07\/serv5.jpeg\",\"contentUrl\":\"https:\/\/vrinspecao.com.br\/site\/wp-content\/uploads\/2021\/07\/serv5.jpeg\",\"width\":1200,\"height\":681},{\"@type\":\"BreadcrumbList\",\"@id\":\"https:\/\/vrinspecao.com.br\/site\/fabricados-artesanalmente\/#breadcrumb\",\"itemListElement\":[{\"@type\":\"ListItem\",\"position\":1,\"name\":\"In\u00edcio\",\"item\":\"https:\/\/vrinspecao.com.br\/site\/\"},{\"@type\":\"ListItem\",\"position\":2,\"name\":\"Fabricados Artesanalmente\"}]},{\"@type\":\"WebSite\",\"@id\":\"https:\/\/vrinspecao.com.br\/site\/#website\",\"url\":\"https:\/\/vrinspecao.com.br\/site\/\",\"name\":\"VR INSPE\u00c7\u00c3O | Inspe\u00e7\u00e3o Veicular | Volta Redonda RJ\",\"description\":\"\",\"publisher\":{\"@id\":\"https:\/\/vrinspecao.com.br\/site\/#organization\"},\"potentialAction\":[{\"@type\":\"SearchAction\",\"target\":{\"@type\":\"EntryPoint\",\"urlTemplate\":\"https:\/\/vrinspecao.com.br\/site\/?s={search_term_string}\"},\"query-input\":{\"@type\":\"PropertyValueSpecification\",\"valueRequired\":true,\"valueName\":\"search_term_string\"}}],\"inLanguage\":\"pt-BR\"},{\"@type\":\"Organization\",\"@id\":\"https:\/\/vrinspecao.com.br\/site\/#organization\",\"name\":\"VR INSPE\u00c7\u00c3O | Inspe\u00e7\u00e3o Veicular | Volta Redonda RJ\",\"url\":\"https:\/\/vrinspecao.com.br\/site\/\",\"logo\":{\"@type\":\"ImageObject\",\"inLanguage\":\"pt-BR\",\"@id\":\"https:\/\/vrinspecao.com.br\/site\/#\/schema\/logo\/image\/\",\"url\":\"https:\/\/vrinspecao.com.br\/site\/wp-content\/uploads\/2023\/07\/cropped-Group-12-4.png\",\"contentUrl\":\"https:\/\/vrinspecao.com.br\/site\/wp-content\/uploads\/2023\/07\/cropped-Group-12-4.png\",\"width\":2047,\"height\":1183,\"caption\":\"VR INSPE\u00c7\u00c3O | Inspe\u00e7\u00e3o Veicular | Volta Redonda RJ\"},\"image\":{\"@id\":\"https:\/\/vrinspecao.com.br\/site\/#\/schema\/logo\/image\/\"}}]}<\/script>\n<!-- \/ Yoast SEO plugin. -->","yoast_head_json":{"title":"VR INSPE\u00c7\u00c3O | Inspe\u00e7\u00e3o Veicular | Volta Redonda RJ - Fabricados Artesanalmente","robots":{"index":"index","follow":"follow","max-snippet":"max-snippet:-1","max-image-preview":"max-image-preview:large","max-video-preview":"max-video-preview:-1"},"canonical":"https:\/\/vrinspecao.com.br\/site\/fabricados-artesanalmente\/","og_locale":"pt_BR","og_type":"article","og_title":"VR INSPE\u00c7\u00c3O | Inspe\u00e7\u00e3o Veicular | Volta Redonda RJ - Fabricados Artesanalmente","og_description":"Fabricados Artesanalmente Os ve\u00edculos de fabrica\u00e7\u00e3o artesanal devem atender a legisla\u00e7\u00e3o vigente procurando os profissionais adequados para os servi\u00e7os especializados. Determinadas pe\u00e7as do ve\u00edculo devem ser obrigatoriamente novas. O propriet\u00e1rio dever\u00e1 primeiramente solicitar ao \u00d3rg\u00e3o de Tr\u00e2nsito autoriza\u00e7\u00e3o para esta fabrica\u00e7\u00e3o e obter o n\u00famero do chassi artesanal, o qual dever\u00e1 ser gravado no ve\u00edculo. [&hellip;]","og_url":"https:\/\/vrinspecao.com.br\/site\/fabricados-artesanalmente\/","og_site_name":"VR INSPE\u00c7\u00c3O | Inspe\u00e7\u00e3o Veicular | Volta Redonda RJ","article_modified_time":"2024-08-05T13:49:24+00:00","og_image":[{"url":"https:\/\/vrinspecao.com.br\/site\/wp-content\/uploads\/2021\/07\/serv5-1024x581.jpeg","type":"","width":"","height":""}],"twitter_card":"summary_large_image","twitter_misc":{"Est. tempo de leitura":"2 minutos"},"schema":{"@context":"https:\/\/schema.org","@graph":[{"@type":"WebPage","@id":"https:\/\/vrinspecao.com.br\/site\/fabricados-artesanalmente\/","url":"https:\/\/vrinspecao.com.br\/site\/fabricados-artesanalmente\/","name":"VR INSPE\u00c7\u00c3O | Inspe\u00e7\u00e3o Veicular | Volta Redonda RJ - Fabricados Artesanalmente","isPartOf":{"@id":"https:\/\/vrinspecao.com.br\/site\/#website"},"primaryImageOfPage":{"@id":"https:\/\/vrinspecao.com.br\/site\/fabricados-artesanalmente\/#primaryimage"},"image":{"@id":"https:\/\/vrinspecao.com.br\/site\/fabricados-artesanalmente\/#primaryimage"},"thumbnailUrl":"https:\/\/vrinspecao.com.br\/site\/wp-content\/uploads\/2021\/07\/serv5-1024x581.jpeg","datePublished":"2021-07-13T13:47:04+00:00","dateModified":"2024-08-05T13:49:24+00:00","breadcrumb":{"@id":"https:\/\/vrinspecao.com.br\/site\/fabricados-artesanalmente\/#breadcrumb"},"inLanguage":"pt-BR","potentialAction":[{"@type":"ReadAction","target":["https:\/\/vrinspecao.com.br\/site\/fabricados-artesanalmente\/"]}]},{"@type":"ImageObject","inLanguage":"pt-BR","@id":"https:\/\/vrinspecao.com.br\/site\/fabricados-artesanalmente\/#primaryimage","url":"https:\/\/vrinspecao.com.br\/site\/wp-content\/uploads\/2021\/07\/serv5.jpeg","contentUrl":"https:\/\/vrinspecao.com.br\/site\/wp-content\/uploads\/2021\/07\/serv5.jpeg","width":1200,"height":681},{"@type":"BreadcrumbList","@id":"https:\/\/vrinspecao.com.br\/site\/fabricados-artesanalmente\/#breadcrumb","itemListElement":[{"@type":"ListItem","position":1,"name":"In\u00edcio","item":"https:\/\/vrinspecao.com.br\/site\/"},{"@type":"ListItem","position":2,"name":"Fabricados Artesanalmente"}]},{"@type":"WebSite","@id":"https:\/\/vrinspecao.com.br\/site\/#website","url":"https:\/\/vrinspecao.com.br\/site\/","name":"VR INSPE\u00c7\u00c3O | Inspe\u00e7\u00e3o Veicular | Volta Redonda RJ","description":"","publisher":{"@id":"https:\/\/vrinspecao.com.br\/site\/#organization"},"potentialAction":[{"@type":"SearchAction","target":{"@type":"EntryPoint","urlTemplate":"https:\/\/vrinspecao.com.br\/site\/?s={search_term_string}"},"query-input":{"@type":"PropertyValueSpecification","valueRequired":true,"valueName":"search_term_string"}}],"inLanguage":"pt-BR"},{"@type":"Organization","@id":"https:\/\/vrinspecao.com.br\/site\/#organization","name":"VR INSPE\u00c7\u00c3O | Inspe\u00e7\u00e3o Veicular | Volta Redonda RJ","url":"https:\/\/vrinspecao.com.br\/site\/","logo":{"@type":"ImageObject","inLanguage":"pt-BR","@id":"https:\/\/vrinspecao.com.br\/site\/#\/schema\/logo\/image\/","url":"https:\/\/vrinspecao.com.br\/site\/wp-content\/uploads\/2023\/07\/cropped-Group-12-4.png","contentUrl":"https:\/\/vrinspecao.com.br\/site\/wp-content\/uploads\/2023\/07\/cropped-Group-12-4.png","width":2047,"height":1183,"caption":"VR INSPE\u00c7\u00c3O | Inspe\u00e7\u00e3o Veicular | Volta Redonda RJ"},"image":{"@id":"https:\/\/vrinspecao.com.br\/site\/#\/schema\/logo\/image\/"}}]}},"_links":{"self":[{"href":"https:\/\/vrinspecao.com.br\/site\/wp-json\/wp\/v2\/pages\/225","targetHints":{"allow":["GET"]}}],"collection":[{"href":"https:\/\/vrinspecao.com.br\/site\/wp-json\/wp\/v2\/pages"}],"about":[{"href":"https:\/\/vrinspecao.com.br\/site\/wp-json\/wp\/v2\/types\/page"}],"author":[{"embeddable":true,"href":"https:\/\/vrinspecao.com.br\/site\/wp-json\/wp\/v2\/users\/1"}],"replies":[{"embeddable":true,"href":"https:\/\/vrinspecao.com.br\/site\/wp-json\/wp\/v2\/comments?post=225"}],"version-history":[{"count":0,"href":"https:\/\/vrinspecao.com.br\/site\/wp-json\/wp\/v2\/pages\/225\/revisions"}],"wp:attachment":[{"href":"https:\/\/vrinspecao.com.br\/site\/wp-json\/wp\/v2\/media?parent=225"}],"curies":[{"name":"wp","href":"https:\/\/api.w.org\/{rel}","templated":true}]}}