{"id":190,"date":"2021-07-13T10:30:57","date_gmt":"2021-07-13T13:30:57","guid":{"rendered":"https:\/\/vrinspecao.com.br\/site\/?page_id=190"},"modified":"2024-08-05T10:47:19","modified_gmt":"2024-08-05T13:47:19","slug":"inspecao-periodica-do-nv","status":"publish","type":"page","link":"https:\/\/vrinspecao.com.br\/site\/inspecao-periodica-do-nv\/","title":{"rendered":"Inspe\u00e7\u00e3o peri\u00f3dica do GNV\u200b"},"content":{"rendered":"\t\t<div data-elementor-type=\"wp-page\" data-elementor-id=\"190\" class=\"elementor elementor-190\" data-elementor-post-type=\"page\">\n\t\t\t\t\t\t<section class=\"elementor-section elementor-top-section elementor-element elementor-element-827effd elementor-section-boxed elementor-section-height-default elementor-section-height-default exad-glass-effect-no exad-sticky-section-no\" data-id=\"827effd\" data-element_type=\"section\">\n\t\t\t\t\t\t<div class=\"elementor-container elementor-column-gap-default\">\n\t\t\t\t\t<div class=\"elementor-column elementor-col-25 elementor-top-column elementor-element elementor-element-b57de9c exad-glass-effect-no exad-sticky-section-no\" data-id=\"b57de9c\" data-element_type=\"column\">\n\t\t\t<div class=\"elementor-widget-wrap\">\n\t\t\t\t\t\t\t<\/div>\n\t\t<\/div>\n\t\t\t\t<div class=\"elementor-column elementor-col-50 elementor-top-column elementor-element elementor-element-cd6fdff exad-glass-effect-no exad-sticky-section-no\" data-id=\"cd6fdff\" data-element_type=\"column\">\n\t\t\t<div class=\"elementor-widget-wrap elementor-element-populated\">\n\t\t\t\t\t\t<div class=\"elementor-element elementor-element-e1946b3 exad-sticky-section-no exad-glass-effect-no elementor-widget elementor-widget-heading\" data-id=\"e1946b3\" data-element_type=\"widget\" data-widget_type=\"heading.default\">\n\t\t\t\t<div class=\"elementor-widget-container\">\n\t\t\t\t\t<h2 class=\"elementor-heading-title elementor-size-default\">Inspe\u00e7\u00e3o peri\u00f3dica do GNV<\/h2>\t\t\t\t<\/div>\n\t\t\t\t<\/div>\n\t\t\t\t<div class=\"elementor-element elementor-element-275fbf8 exad-sticky-section-no exad-glass-effect-no elementor-widget elementor-widget-image\" data-id=\"275fbf8\" data-element_type=\"widget\" data-widget_type=\"image.default\">\n\t\t\t\t<div class=\"elementor-widget-container\">\n\t\t\t\t\t\t\t\t\t\t\t\t\t\t\t<img fetchpriority=\"high\" decoding=\"async\" width=\"825\" height=\"350\" src=\"https:\/\/vrinspecao.com.br\/site\/wp-content\/uploads\/2021\/07\/serv2.jpg\" class=\"attachment-large size-large wp-image-415\" alt=\"\" srcset=\"https:\/\/vrinspecao.com.br\/site\/wp-content\/uploads\/2021\/07\/serv2.jpg 825w, https:\/\/vrinspecao.com.br\/site\/wp-content\/uploads\/2021\/07\/serv2-300x127.jpg 300w, https:\/\/vrinspecao.com.br\/site\/wp-content\/uploads\/2021\/07\/serv2-768x326.jpg 768w\" sizes=\"(max-width: 825px) 100vw, 825px\" \/>\t\t\t\t\t\t\t\t\t\t\t\t\t\t\t<\/div>\n\t\t\t\t<\/div>\n\t\t\t\t<div class=\"elementor-element elementor-element-299a7c0 exad-sticky-section-no exad-glass-effect-no elementor-widget elementor-widget-text-editor\" data-id=\"299a7c0\" data-element_type=\"widget\" data-widget_type=\"text-editor.default\">\n\t\t\t\t<div class=\"elementor-widget-container\">\n\t\t\t\t\t\t\t\t\t<p>A inspe\u00e7\u00e3o peri\u00f3dica do GNV \u00e9 realizada nos ve\u00edculos que apresentam o GNV como combust\u00edvel j\u00e1 incorporado ao CRLV. Deve ser efetuada anualmente.<\/p>\t\t\t\t\t\t\t\t<\/div>\n\t\t\t\t<\/div>\n\t\t\t\t<div class=\"elementor-element elementor-element-df090e2 exad-sticky-section-no exad-glass-effect-no elementor-widget elementor-widget-heading\" data-id=\"df090e2\" data-element_type=\"widget\" data-widget_type=\"heading.default\">\n\t\t\t\t<div class=\"elementor-widget-container\">\n\t\t\t\t\t<h5 class=\"elementor-heading-title elementor-size-default\">Documenta\u00e7\u00e3o:<\/h5>\t\t\t\t<\/div>\n\t\t\t\t<\/div>\n\t\t\t\t<div class=\"elementor-element elementor-element-215d1da elementor-icon-list--layout-traditional elementor-list-item-link-full_width exad-sticky-section-no exad-glass-effect-no elementor-widget elementor-widget-icon-list\" data-id=\"215d1da\" data-element_type=\"widget\" data-widget_type=\"icon-list.default\">\n\t\t\t\t<div class=\"elementor-widget-container\">\n\t\t\t\t\t\t\t<ul class=\"elementor-icon-list-items\">\n\t\t\t\t\t\t\t<li class=\"elementor-icon-list-item\">\n\t\t\t\t\t\t\t\t\t\t\t<span class=\"elementor-icon-list-icon\">\n\t\t\t\t\t\t\t<i aria-hidden=\"true\" class=\"fas fa-dot-circle\"><\/i>\t\t\t\t\t\t<\/span>\n\t\t\t\t\t\t\t\t\t\t<span class=\"elementor-icon-list-text\">CRV\/CRLV\/NF (documento do ve\u00edculo)<\/span>\n\t\t\t\t\t\t\t\t\t<\/li>\n\t\t\t\t\t\t\t\t<li class=\"elementor-icon-list-item\">\n\t\t\t\t\t\t\t\t\t\t\t<span class=\"elementor-icon-list-icon\">\n\t\t\t\t\t\t\t<i aria-hidden=\"true\" class=\"fas fa-dot-circle\"><\/i>\t\t\t\t\t\t<\/span>\n\t\t\t\t\t\t\t\t\t\t<span class=\"elementor-icon-list-text\">CNH (Carteira Nacional de Habilita\u00e7\u00e3o) do condutor do ve\u00edculo<\/span>\n\t\t\t\t\t\t\t\t\t<\/li>\n\t\t\t\t\t\t\t\t<li class=\"elementor-icon-list-item\">\n\t\t\t\t\t\t\t\t\t\t\t<span class=\"elementor-icon-list-icon\">\n\t\t\t\t\t\t\t<i aria-hidden=\"true\" class=\"fas fa-dot-circle\"><\/i>\t\t\t\t\t\t<\/span>\n\t\t\t\t\t\t\t\t\t\t<span class=\"elementor-icon-list-text\">Selo do GNV <\/span>\n\t\t\t\t\t\t\t\t\t<\/li>\n\t\t\t\t\t\t\t\t<li class=\"elementor-icon-list-item\">\n\t\t\t\t\t\t\t\t\t\t\t<span class=\"elementor-icon-list-icon\">\n\t\t\t\t\t\t\t<i aria-hidden=\"true\" class=\"fas fa-dot-circle\"><\/i>\t\t\t\t\t\t<\/span>\n\t\t\t\t\t\t\t\t\t\t<span class=\"elementor-icon-list-text\">Certificado de inspe\u00e7\u00e3o (CI) ou Certificado de Seguran\u00e7a Veicular (CSV)<\/span>\n\t\t\t\t\t\t\t\t\t<\/li>\n\t\t\t\t\t\t<\/ul>\n\t\t\t\t\t\t<\/div>\n\t\t\t\t<\/div>\n\t\t\t\t<div class=\"elementor-element elementor-element-fce84e0 exad-sticky-section-no exad-glass-effect-no elementor-widget elementor-widget-heading\" data-id=\"fce84e0\" data-element_type=\"widget\" data-widget_type=\"heading.default\">\n\t\t\t\t<div class=\"elementor-widget-container\">\n\t\t\t\t\t<h5 class=\"elementor-heading-title elementor-size-default\">Observa\u00e7\u00e3o:<\/h5>\t\t\t\t<\/div>\n\t\t\t\t<\/div>\n\t\t\t\t<div class=\"elementor-element elementor-element-5b97d10 exad-sticky-section-no exad-glass-effect-no elementor-widget elementor-widget-text-editor\" data-id=\"5b97d10\" data-element_type=\"widget\" data-widget_type=\"text-editor.default\">\n\t\t\t\t<div class=\"elementor-widget-container\">\n\t\t\t\t\t\t\t\t\t<p>Se o ve\u00edculo sofreu alguma manuten\u00e7\u00e3o ou substitui\u00e7\u00e3o de quaisquer componentes certificados compulsoriamente, no \u00e2mbito do Sistema Brasileiro de Avalia\u00e7\u00e3o da Conformidade, ou seja:<\/p><p>Ex: troca do cilindro de GNV ou troca do redutor de press\u00e3o do GNV, <strong>dever\u00e1 apresentar tamb\u00e9m a documenta\u00e7\u00e3o abaixo:<\/strong><\/p>\t\t\t\t\t\t\t\t<\/div>\n\t\t\t\t<\/div>\n\t\t\t\t<div class=\"elementor-element elementor-element-92a4d06 elementor-icon-list--layout-traditional elementor-list-item-link-full_width exad-sticky-section-no exad-glass-effect-no elementor-widget elementor-widget-icon-list\" data-id=\"92a4d06\" data-element_type=\"widget\" data-widget_type=\"icon-list.default\">\n\t\t\t\t<div class=\"elementor-widget-container\">\n\t\t\t\t\t\t\t<ul class=\"elementor-icon-list-items\">\n\t\t\t\t\t\t\t<li class=\"elementor-icon-list-item\">\n\t\t\t\t\t\t\t\t\t\t\t<span class=\"elementor-icon-list-icon\">\n\t\t\t\t\t\t\t<i aria-hidden=\"true\" class=\"fas fa-dot-circle\"><\/i>\t\t\t\t\t\t<\/span>\n\t\t\t\t\t\t\t\t\t\t<span class=\"elementor-icon-list-text\">Nota Fiscal de compra<\/span>\n\t\t\t\t\t\t\t\t\t<\/li>\n\t\t\t\t\t\t\t\t<li class=\"elementor-icon-list-item\">\n\t\t\t\t\t\t\t\t\t\t\t<span class=\"elementor-icon-list-icon\">\n\t\t\t\t\t\t\t<i aria-hidden=\"true\" class=\"fas fa-dot-circle\"><\/i>\t\t\t\t\t\t<\/span>\n\t\t\t\t\t\t\t\t\t\t<span class=\"elementor-icon-list-text\">Nota Fiscal de Servi\u00e7o (fornecida pela oficina homologada pelo Inmetro)<\/span>\n\t\t\t\t\t\t\t\t\t<\/li>\n\t\t\t\t\t\t\t\t<li class=\"elementor-icon-list-item\">\n\t\t\t\t\t\t\t\t\t\t\t<span class=\"elementor-icon-list-icon\">\n\t\t\t\t\t\t\t<i aria-hidden=\"true\" class=\"fas fa-dot-circle\"><\/i>\t\t\t\t\t\t<\/span>\n\t\t\t\t\t\t\t\t\t\t<span class=\"elementor-icon-list-text\">Atestado da Qualidade (fornecido pelo instalador homologado pelo Inmetro - dentro da validade de 10 dias da instala\u00e7\u00e3o)<\/span>\n\t\t\t\t\t\t\t\t\t<\/li>\n\t\t\t\t\t\t<\/ul>\n\t\t\t\t\t\t<\/div>\n\t\t\t\t<\/div>\n\t\t\t\t<div class=\"elementor-element elementor-element-3bbdb9e exad-sticky-section-no exad-glass-effect-no elementor-widget elementor-widget-text-editor\" data-id=\"3bbdb9e\" data-element_type=\"widget\" data-widget_type=\"text-editor.default\">\n\t\t\t\t<div class=\"elementor-widget-container\">\n\t\t\t\t\t\t\t\t\t<p>Se foi realizado o reteste do cilindro, dever\u00e1 ser apresentado a <strong>documenta\u00e7\u00e3o abaixo:<\/strong><\/p>\t\t\t\t\t\t\t\t<\/div>\n\t\t\t\t<\/div>\n\t\t\t\t<div class=\"elementor-element elementor-element-505609f elementor-icon-list--layout-traditional elementor-list-item-link-full_width exad-sticky-section-no exad-glass-effect-no elementor-widget elementor-widget-icon-list\" data-id=\"505609f\" data-element_type=\"widget\" data-widget_type=\"icon-list.default\">\n\t\t\t\t<div class=\"elementor-widget-container\">\n\t\t\t\t\t\t\t<ul class=\"elementor-icon-list-items\">\n\t\t\t\t\t\t\t<li class=\"elementor-icon-list-item\">\n\t\t\t\t\t\t\t\t\t\t\t<span class=\"elementor-icon-list-icon\">\n\t\t\t\t\t\t\t<i aria-hidden=\"true\" class=\"fas fa-dot-circle\"><\/i>\t\t\t\t\t\t<\/span>\n\t\t\t\t\t\t\t\t\t\t<span class=\"elementor-icon-list-text\">Relat\u00f3rio T\u00e9cnico de Requalifica\u00e7\u00e3o do Cilindro<\/span>\n\t\t\t\t\t\t\t\t\t<\/li>\n\t\t\t\t\t\t\t\t<li class=\"elementor-icon-list-item\">\n\t\t\t\t\t\t\t\t\t\t\t<span class=\"elementor-icon-list-icon\">\n\t\t\t\t\t\t\t<i aria-hidden=\"true\" class=\"fas fa-dot-circle\"><\/i>\t\t\t\t\t\t<\/span>\n\t\t\t\t\t\t\t\t\t\t<span class=\"elementor-icon-list-text\">Relat\u00f3rio T\u00e9cnico de Inspe\u00e7\u00e3o da V\u00e1lvula do Cilindro<\/span>\n\t\t\t\t\t\t\t\t\t<\/li>\n\t\t\t\t\t\t\t\t<li class=\"elementor-icon-list-item\">\n\t\t\t\t\t\t\t\t\t\t\t<span class=\"elementor-icon-list-icon\">\n\t\t\t\t\t\t\t<i aria-hidden=\"true\" class=\"fas fa-dot-circle\"><\/i>\t\t\t\t\t\t<\/span>\n\t\t\t\t\t\t\t\t\t\t<span class=\"elementor-icon-list-text\">Nota Fiscal<\/span>\n\t\t\t\t\t\t\t\t\t<\/li>\n\t\t\t\t\t\t<\/ul>\n\t\t\t\t\t\t<\/div>\n\t\t\t\t<\/div>\n\t\t\t\t<div class=\"elementor-element elementor-element-24d74fa elementor-hidden-desktop elementor-hidden-tablet elementor-hidden-mobile exad-sticky-section-no exad-glass-effect-no elementor-widget elementor-widget-exad-modal-popup\" data-id=\"24d74fa\" data-element_type=\"widget\" data-widget_type=\"exad-modal-popup.default\">\n\t\t\t\t<div class=\"elementor-widget-container\">\n\t\t\t\t\t\t\t\r\n\t\t<div class=\"exad-modal\">\r\n\t\t\t<div class=\"exad-modal-wrapper\">\r\n\r\n\t\t\t\t<div class=\"exad-modal-button exad-modal-btn-fixed-width-no\">\r\n\t\t\t\t\t<a href=\"#\" class=\"exad-modal-image-action image-modal\" data-exad-modal=\"#exad-modal-24d74fa\" data-exad-overlay=\"yes\" >\r\n\t\t\t\t\t\t<span class=\"exad-modal-action-icon-\">\r\n\t\t\t\t\t\t\tVALOR DO SERVI\u00c7O\t\t\t\t\t\t<\/span>\r\n\t\t\t\t\t<\/a>\r\n\t\t\t\t<\/div>\r\n\t\t\r\n\t\t\t\t<div id=\"exad-modal-24d74fa\" class=\"exad-modal-item modal-vimeo top-to-middle shortcode exad-content-overflow-x-yes exad-content-overflow-y-yes\" data-exad_modal_prevent_page_scroll=\"no\" >\r\n\t\t\t\t\t<div class=\"exad-modal-content\">\r\n\t\t\t\t\t\t<div class=\"exad-modal-element \">\r\n\t\t\t\t\t\t\t\t\t<div data-elementor-type=\"wp-post\" data-elementor-id=\"1017\" class=\"elementor elementor-1017\" data-elementor-post-type=\"ae_global_templates\">\n\t\t\t\t\t\t<section class=\"elementor-section elementor-top-section elementor-element elementor-element-3073506 elementor-section-content-middle elementor-section-boxed elementor-section-height-default elementor-section-height-default exad-sticky-section-no\" data-id=\"3073506\" data-element_type=\"section\">\n\t\t\t\t\t\t<div class=\"elementor-container elementor-column-gap-default\">\n\t\t\t\t\t<div class=\"elementor-column elementor-col-100 elementor-top-column elementor-element elementor-element-31d9a5e exad-glass-effect-no exad-sticky-section-no\" data-id=\"31d9a5e\" data-element_type=\"column\" data-settings=\"{&quot;background_background&quot;:&quot;classic&quot;}\">\n\t\t\t<div class=\"elementor-widget-wrap elementor-element-populated\">\n\t\t\t\t\t\t<div class=\"elementor-element elementor-element-925a832 exad-sticky-section-no exad-glass-effect-no elementor-widget elementor-widget-heading\" data-id=\"925a832\" data-element_type=\"widget\" data-widget_type=\"heading.default\">\n\t\t\t\t<div class=\"elementor-widget-container\">\n\t\t\t\t\t<h3 class=\"elementor-heading-title elementor-size-default\">Qual a melhor localidade para voc\u00ea?<\/h3>\t\t\t\t<\/div>\n\t\t\t\t<\/div>\n\t\t\t\t<div class=\"elementor-element elementor-element-3e4f673 elementor-align-center elementor-widget__width-inherit elementor-widget-mobile__width-inherit exad-sticky-section-no exad-glass-effect-no elementor-widget elementor-widget-button\" data-id=\"3e4f673\" data-element_type=\"widget\" data-widget_type=\"button.default\">\n\t\t\t\t<div class=\"elementor-widget-container\">\n\t\t\t\t\t\t\t\t\t<div class=\"elementor-button-wrapper\">\n\t\t\t\t\t<a class=\"elementor-button elementor-button-link elementor-size-md elementor-animation-grow\" href=\"https:\/\/vrinspecao.com.br\/site\/valor-inspecao-periodica-do-gnv\/\">\n\t\t\t\t\t\t<span class=\"elementor-button-content-wrapper\">\n\t\t\t\t\t\t\t\t\t<span class=\"elementor-button-text\">Volta Redonda<\/span>\n\t\t\t\t\t<\/span>\n\t\t\t\t\t<\/a>\n\t\t\t\t<\/div>\n\t\t\t\t\t\t\t\t<\/div>\n\t\t\t\t<\/div>\n\t\t\t\t<div class=\"elementor-element elementor-element-c1b87ed elementor-align-center elementor-widget__width-inherit elementor-widget-mobile__width-inherit exad-sticky-section-no exad-glass-effect-no elementor-widget elementor-widget-button\" data-id=\"c1b87ed\" data-element_type=\"widget\" data-widget_type=\"button.default\">\n\t\t\t\t<div class=\"elementor-widget-container\">\n\t\t\t\t\t\t\t\t\t<div class=\"elementor-button-wrapper\">\n\t\t\t\t\t<a class=\"elementor-button elementor-button-link elementor-size-md elementor-animation-grow\" href=\"https:\/\/barradopirai.vrinspecao.com.br\/valor-inspecao-periodica-do-gnv\/\">\n\t\t\t\t\t\t<span class=\"elementor-button-content-wrapper\">\n\t\t\t\t\t\t\t\t\t<span class=\"elementor-button-text\">Barra do Pira\u00ed<\/span>\n\t\t\t\t\t<\/span>\n\t\t\t\t\t<\/a>\n\t\t\t\t<\/div>\n\t\t\t\t\t\t\t\t<\/div>\n\t\t\t\t<\/div>\n\t\t\t\t\t<\/div>\n\t\t<\/div>\n\t\t\t\t\t<\/div>\n\t\t<\/section>\n\t\t\t\t<\/div>\n\t\t\r\n\t\t\t\t\t\t\t<div class=\"exad-close-btn\">\r\n\t\t\t\t\t\t\t\t<span><\/span>\r\n\t\t\t\t\t\t\t<\/div>\r\n\r\n\t\t\t\t\t\t<\/div>\r\n\t\t\t\t\t<\/div>\r\n\t\t\t\t<\/div>\r\n\t\t\t<\/div>\r\n\t\t\t<div class=\"exad-modal-overlay\" data-exad_overlay_click_close=\"yes\"><\/div>\r\n\t\t<\/div>\r\n\t\t\t\t\t<\/div>\n\t\t\t\t<\/div>\n\t\t\t\t<div class=\"elementor-element elementor-element-0ea8deb elementor-align-center exad-sticky-section-no exad-glass-effect-no elementor-widget elementor-widget-button\" data-id=\"0ea8deb\" data-element_type=\"widget\" data-widget_type=\"button.default\">\n\t\t\t\t<div class=\"elementor-widget-container\">\n\t\t\t\t\t\t\t\t\t<div class=\"elementor-button-wrapper\">\n\t\t\t\t\t<a class=\"elementor-button elementor-button-link elementor-size-sm\" href=\"https:\/\/vrinspecao.com.br\/site\/valor-inspecao-periodica-do-gnv\/\">\n\t\t\t\t\t\t<span class=\"elementor-button-content-wrapper\">\n\t\t\t\t\t\t\t\t\t<span class=\"elementor-button-text\">VALOR DO SERVI\u00c7O<\/span>\n\t\t\t\t\t<\/span>\n\t\t\t\t\t<\/a>\n\t\t\t\t<\/div>\n\t\t\t\t\t\t\t\t<\/div>\n\t\t\t\t<\/div>\n\t\t\t\t\t<\/div>\n\t\t<\/div>\n\t\t\t\t<div class=\"elementor-column elementor-col-25 elementor-top-column elementor-element elementor-element-2e7c57b exad-glass-effect-no exad-sticky-section-no\" data-id=\"2e7c57b\" data-element_type=\"column\">\n\t\t\t<div class=\"elementor-widget-wrap\">\n\t\t\t\t\t\t\t<\/div>\n\t\t<\/div>\n\t\t\t\t\t<\/div>\n\t\t<\/section>\n\t\t\t\t<\/div>\n\t\t","protected":false},"excerpt":{"rendered":"<p>Inspe\u00e7\u00e3o peri\u00f3dica do GNV A inspe\u00e7\u00e3o peri\u00f3dica do GNV \u00e9 realizada nos ve\u00edculos que apresentam o GNV como combust\u00edvel j\u00e1 incorporado ao CRLV. Deve ser efetuada anualmente. Documenta\u00e7\u00e3o: CRV\/CRLV\/NF (documento do ve\u00edculo) CNH (Carteira Nacional de Habilita\u00e7\u00e3o) do condutor do ve\u00edculo Selo do GNV Certificado de inspe\u00e7\u00e3o (CI) ou Certificado de Seguran\u00e7a Veicular (CSV) Observa\u00e7\u00e3o: [&hellip;]<\/p>\n","protected":false},"author":1,"featured_media":0,"parent":0,"menu_order":0,"comment_status":"closed","ping_status":"closed","template":"elementor_header_footer","meta":{"footnotes":""},"class_list":["post-190","page","type-page","status-publish","hentry"],"yoast_head":"<!-- This site is optimized with the Yoast SEO plugin v26.8 - https:\/\/yoast.com\/product\/yoast-seo-wordpress\/ -->\n<title>VR INSPE\u00c7\u00c3O | Inspe\u00e7\u00e3o Veicular | Volta Redonda RJ - Inspe\u00e7\u00e3o peri\u00f3dica do GNV\u200b<\/title>\n<meta name=\"robots\" content=\"index, follow, max-snippet:-1, max-image-preview:large, max-video-preview:-1\" \/>\n<link rel=\"canonical\" href=\"https:\/\/vrinspecao.com.br\/site\/inspecao-periodica-do-nv\/\" \/>\n<meta property=\"og:locale\" content=\"pt_BR\" \/>\n<meta property=\"og:type\" content=\"article\" \/>\n<meta property=\"og:title\" content=\"VR INSPE\u00c7\u00c3O | Inspe\u00e7\u00e3o Veicular | Volta Redonda RJ - Inspe\u00e7\u00e3o peri\u00f3dica do GNV\u200b\" \/>\n<meta property=\"og:description\" content=\"Inspe\u00e7\u00e3o peri\u00f3dica do GNV A inspe\u00e7\u00e3o peri\u00f3dica do GNV \u00e9 realizada nos ve\u00edculos que apresentam o GNV como combust\u00edvel j\u00e1 incorporado ao CRLV. Deve ser efetuada anualmente. Documenta\u00e7\u00e3o: CRV\/CRLV\/NF (documento do ve\u00edculo) CNH (Carteira Nacional de Habilita\u00e7\u00e3o) do condutor do ve\u00edculo Selo do GNV Certificado de inspe\u00e7\u00e3o (CI) ou Certificado de Seguran\u00e7a Veicular (CSV) Observa\u00e7\u00e3o: [&hellip;]\" \/>\n<meta property=\"og:url\" content=\"https:\/\/vrinspecao.com.br\/site\/inspecao-periodica-do-nv\/\" \/>\n<meta property=\"og:site_name\" content=\"VR INSPE\u00c7\u00c3O | Inspe\u00e7\u00e3o Veicular | Volta Redonda RJ\" \/>\n<meta property=\"article:modified_time\" content=\"2024-08-05T13:47:19+00:00\" \/>\n<meta property=\"og:image\" content=\"https:\/\/vrinspecao.com.br\/site\/wp-content\/uploads\/2021\/07\/serv2.jpg\" \/>\n<meta name=\"twitter:card\" content=\"summary_large_image\" \/>\n<meta name=\"twitter:label1\" content=\"Est. tempo de leitura\" \/>\n\t<meta name=\"twitter:data1\" content=\"2 minutos\" \/>\n<script type=\"application\/ld+json\" class=\"yoast-schema-graph\">{\"@context\":\"https:\/\/schema.org\",\"@graph\":[{\"@type\":\"WebPage\",\"@id\":\"https:\/\/vrinspecao.com.br\/site\/inspecao-periodica-do-nv\/\",\"url\":\"https:\/\/vrinspecao.com.br\/site\/inspecao-periodica-do-nv\/\",\"name\":\"VR INSPE\u00c7\u00c3O | Inspe\u00e7\u00e3o Veicular | Volta Redonda RJ - Inspe\u00e7\u00e3o peri\u00f3dica do GNV\u200b\",\"isPartOf\":{\"@id\":\"https:\/\/vrinspecao.com.br\/site\/#website\"},\"primaryImageOfPage\":{\"@id\":\"https:\/\/vrinspecao.com.br\/site\/inspecao-periodica-do-nv\/#primaryimage\"},\"image\":{\"@id\":\"https:\/\/vrinspecao.com.br\/site\/inspecao-periodica-do-nv\/#primaryimage\"},\"thumbnailUrl\":\"https:\/\/vrinspecao.com.br\/site\/wp-content\/uploads\/2021\/07\/serv2.jpg\",\"datePublished\":\"2021-07-13T13:30:57+00:00\",\"dateModified\":\"2024-08-05T13:47:19+00:00\",\"breadcrumb\":{\"@id\":\"https:\/\/vrinspecao.com.br\/site\/inspecao-periodica-do-nv\/#breadcrumb\"},\"inLanguage\":\"pt-BR\",\"potentialAction\":[{\"@type\":\"ReadAction\",\"target\":[\"https:\/\/vrinspecao.com.br\/site\/inspecao-periodica-do-nv\/\"]}]},{\"@type\":\"ImageObject\",\"inLanguage\":\"pt-BR\",\"@id\":\"https:\/\/vrinspecao.com.br\/site\/inspecao-periodica-do-nv\/#primaryimage\",\"url\":\"https:\/\/vrinspecao.com.br\/site\/wp-content\/uploads\/2021\/07\/serv2.jpg\",\"contentUrl\":\"https:\/\/vrinspecao.com.br\/site\/wp-content\/uploads\/2021\/07\/serv2.jpg\",\"width\":825,\"height\":350},{\"@type\":\"BreadcrumbList\",\"@id\":\"https:\/\/vrinspecao.com.br\/site\/inspecao-periodica-do-nv\/#breadcrumb\",\"itemListElement\":[{\"@type\":\"ListItem\",\"position\":1,\"name\":\"In\u00edcio\",\"item\":\"https:\/\/vrinspecao.com.br\/site\/\"},{\"@type\":\"ListItem\",\"position\":2,\"name\":\"Inspe\u00e7\u00e3o peri\u00f3dica do GNV\u200b\"}]},{\"@type\":\"WebSite\",\"@id\":\"https:\/\/vrinspecao.com.br\/site\/#website\",\"url\":\"https:\/\/vrinspecao.com.br\/site\/\",\"name\":\"VR INSPE\u00c7\u00c3O | Inspe\u00e7\u00e3o Veicular | Volta Redonda RJ\",\"description\":\"\",\"publisher\":{\"@id\":\"https:\/\/vrinspecao.com.br\/site\/#organization\"},\"potentialAction\":[{\"@type\":\"SearchAction\",\"target\":{\"@type\":\"EntryPoint\",\"urlTemplate\":\"https:\/\/vrinspecao.com.br\/site\/?s={search_term_string}\"},\"query-input\":{\"@type\":\"PropertyValueSpecification\",\"valueRequired\":true,\"valueName\":\"search_term_string\"}}],\"inLanguage\":\"pt-BR\"},{\"@type\":\"Organization\",\"@id\":\"https:\/\/vrinspecao.com.br\/site\/#organization\",\"name\":\"VR INSPE\u00c7\u00c3O | Inspe\u00e7\u00e3o Veicular | Volta Redonda RJ\",\"url\":\"https:\/\/vrinspecao.com.br\/site\/\",\"logo\":{\"@type\":\"ImageObject\",\"inLanguage\":\"pt-BR\",\"@id\":\"https:\/\/vrinspecao.com.br\/site\/#\/schema\/logo\/image\/\",\"url\":\"https:\/\/vrinspecao.com.br\/site\/wp-content\/uploads\/2023\/07\/cropped-Group-12-4.png\",\"contentUrl\":\"https:\/\/vrinspecao.com.br\/site\/wp-content\/uploads\/2023\/07\/cropped-Group-12-4.png\",\"width\":2047,\"height\":1183,\"caption\":\"VR INSPE\u00c7\u00c3O | Inspe\u00e7\u00e3o Veicular | Volta Redonda RJ\"},\"image\":{\"@id\":\"https:\/\/vrinspecao.com.br\/site\/#\/schema\/logo\/image\/\"}}]}<\/script>\n<!-- \/ Yoast SEO plugin. -->","yoast_head_json":{"title":"VR INSPE\u00c7\u00c3O | Inspe\u00e7\u00e3o Veicular | Volta Redonda RJ - Inspe\u00e7\u00e3o peri\u00f3dica do GNV\u200b","robots":{"index":"index","follow":"follow","max-snippet":"max-snippet:-1","max-image-preview":"max-image-preview:large","max-video-preview":"max-video-preview:-1"},"canonical":"https:\/\/vrinspecao.com.br\/site\/inspecao-periodica-do-nv\/","og_locale":"pt_BR","og_type":"article","og_title":"VR INSPE\u00c7\u00c3O | Inspe\u00e7\u00e3o Veicular | Volta Redonda RJ - Inspe\u00e7\u00e3o peri\u00f3dica do GNV\u200b","og_description":"Inspe\u00e7\u00e3o peri\u00f3dica do GNV A inspe\u00e7\u00e3o peri\u00f3dica do GNV \u00e9 realizada nos ve\u00edculos que apresentam o GNV como combust\u00edvel j\u00e1 incorporado ao CRLV. Deve ser efetuada anualmente. Documenta\u00e7\u00e3o: CRV\/CRLV\/NF (documento do ve\u00edculo) CNH (Carteira Nacional de Habilita\u00e7\u00e3o) do condutor do ve\u00edculo Selo do GNV Certificado de inspe\u00e7\u00e3o (CI) ou Certificado de Seguran\u00e7a Veicular (CSV) Observa\u00e7\u00e3o: [&hellip;]","og_url":"https:\/\/vrinspecao.com.br\/site\/inspecao-periodica-do-nv\/","og_site_name":"VR INSPE\u00c7\u00c3O | Inspe\u00e7\u00e3o Veicular | Volta Redonda RJ","article_modified_time":"2024-08-05T13:47:19+00:00","og_image":[{"url":"https:\/\/vrinspecao.com.br\/site\/wp-content\/uploads\/2021\/07\/serv2.jpg","type":"","width":"","height":""}],"twitter_card":"summary_large_image","twitter_misc":{"Est. tempo de leitura":"2 minutos"},"schema":{"@context":"https:\/\/schema.org","@graph":[{"@type":"WebPage","@id":"https:\/\/vrinspecao.com.br\/site\/inspecao-periodica-do-nv\/","url":"https:\/\/vrinspecao.com.br\/site\/inspecao-periodica-do-nv\/","name":"VR INSPE\u00c7\u00c3O | Inspe\u00e7\u00e3o Veicular | Volta Redonda RJ - Inspe\u00e7\u00e3o peri\u00f3dica do GNV\u200b","isPartOf":{"@id":"https:\/\/vrinspecao.com.br\/site\/#website"},"primaryImageOfPage":{"@id":"https:\/\/vrinspecao.com.br\/site\/inspecao-periodica-do-nv\/#primaryimage"},"image":{"@id":"https:\/\/vrinspecao.com.br\/site\/inspecao-periodica-do-nv\/#primaryimage"},"thumbnailUrl":"https:\/\/vrinspecao.com.br\/site\/wp-content\/uploads\/2021\/07\/serv2.jpg","datePublished":"2021-07-13T13:30:57+00:00","dateModified":"2024-08-05T13:47:19+00:00","breadcrumb":{"@id":"https:\/\/vrinspecao.com.br\/site\/inspecao-periodica-do-nv\/#breadcrumb"},"inLanguage":"pt-BR","potentialAction":[{"@type":"ReadAction","target":["https:\/\/vrinspecao.com.br\/site\/inspecao-periodica-do-nv\/"]}]},{"@type":"ImageObject","inLanguage":"pt-BR","@id":"https:\/\/vrinspecao.com.br\/site\/inspecao-periodica-do-nv\/#primaryimage","url":"https:\/\/vrinspecao.com.br\/site\/wp-content\/uploads\/2021\/07\/serv2.jpg","contentUrl":"https:\/\/vrinspecao.com.br\/site\/wp-content\/uploads\/2021\/07\/serv2.jpg","width":825,"height":350},{"@type":"BreadcrumbList","@id":"https:\/\/vrinspecao.com.br\/site\/inspecao-periodica-do-nv\/#breadcrumb","itemListElement":[{"@type":"ListItem","position":1,"name":"In\u00edcio","item":"https:\/\/vrinspecao.com.br\/site\/"},{"@type":"ListItem","position":2,"name":"Inspe\u00e7\u00e3o peri\u00f3dica do GNV\u200b"}]},{"@type":"WebSite","@id":"https:\/\/vrinspecao.com.br\/site\/#website","url":"https:\/\/vrinspecao.com.br\/site\/","name":"VR INSPE\u00c7\u00c3O | Inspe\u00e7\u00e3o Veicular | Volta Redonda RJ","description":"","publisher":{"@id":"https:\/\/vrinspecao.com.br\/site\/#organization"},"potentialAction":[{"@type":"SearchAction","target":{"@type":"EntryPoint","urlTemplate":"https:\/\/vrinspecao.com.br\/site\/?s={search_term_string}"},"query-input":{"@type":"PropertyValueSpecification","valueRequired":true,"valueName":"search_term_string"}}],"inLanguage":"pt-BR"},{"@type":"Organization","@id":"https:\/\/vrinspecao.com.br\/site\/#organization","name":"VR INSPE\u00c7\u00c3O | Inspe\u00e7\u00e3o Veicular | Volta Redonda RJ","url":"https:\/\/vrinspecao.com.br\/site\/","logo":{"@type":"ImageObject","inLanguage":"pt-BR","@id":"https:\/\/vrinspecao.com.br\/site\/#\/schema\/logo\/image\/","url":"https:\/\/vrinspecao.com.br\/site\/wp-content\/uploads\/2023\/07\/cropped-Group-12-4.png","contentUrl":"https:\/\/vrinspecao.com.br\/site\/wp-content\/uploads\/2023\/07\/cropped-Group-12-4.png","width":2047,"height":1183,"caption":"VR INSPE\u00c7\u00c3O | Inspe\u00e7\u00e3o Veicular | Volta Redonda RJ"},"image":{"@id":"https:\/\/vrinspecao.com.br\/site\/#\/schema\/logo\/image\/"}}]}},"_links":{"self":[{"href":"https:\/\/vrinspecao.com.br\/site\/wp-json\/wp\/v2\/pages\/190","targetHints":{"allow":["GET"]}}],"collection":[{"href":"https:\/\/vrinspecao.com.br\/site\/wp-json\/wp\/v2\/pages"}],"about":[{"href":"https:\/\/vrinspecao.com.br\/site\/wp-json\/wp\/v2\/types\/page"}],"author":[{"embeddable":true,"href":"https:\/\/vrinspecao.com.br\/site\/wp-json\/wp\/v2\/users\/1"}],"replies":[{"embeddable":true,"href":"https:\/\/vrinspecao.com.br\/site\/wp-json\/wp\/v2\/comments?post=190"}],"version-history":[{"count":0,"href":"https:\/\/vrinspecao.com.br\/site\/wp-json\/wp\/v2\/pages\/190\/revisions"}],"wp:attachment":[{"href":"https:\/\/vrinspecao.com.br\/site\/wp-json\/wp\/v2\/media?parent=190"}],"curies":[{"name":"wp","href":"https:\/\/api.w.org\/{rel}","templated":true}]}}