{"id":107,"date":"2021-07-09T10:41:46","date_gmt":"2021-07-09T13:41:46","guid":{"rendered":"https:\/\/vrinspecao.com.br\/site\/?page_id=107"},"modified":"2024-08-05T10:45:11","modified_gmt":"2024-08-05T13:45:11","slug":"inspecao-inicial-do-gnv","status":"publish","type":"page","link":"https:\/\/vrinspecao.com.br\/site\/inspecao-inicial-do-gnv\/","title":{"rendered":"Inspe\u00e7\u00e3o Inicial do GNV"},"content":{"rendered":"\t\t<div data-elementor-type=\"wp-page\" data-elementor-id=\"107\" class=\"elementor elementor-107\" data-elementor-post-type=\"page\">\n\t\t\t\t\t\t<section class=\"elementor-section elementor-top-section elementor-element elementor-element-489c402 elementor-section-boxed elementor-section-height-default elementor-section-height-default exad-glass-effect-no exad-sticky-section-no\" data-id=\"489c402\" data-element_type=\"section\">\n\t\t\t\t\t\t<div class=\"elementor-container elementor-column-gap-default\">\n\t\t\t\t\t<div class=\"elementor-column elementor-col-25 elementor-top-column elementor-element elementor-element-6ba0079 exad-glass-effect-no exad-sticky-section-no\" data-id=\"6ba0079\" data-element_type=\"column\">\n\t\t\t<div class=\"elementor-widget-wrap\">\n\t\t\t\t\t\t\t<\/div>\n\t\t<\/div>\n\t\t\t\t<div class=\"elementor-column elementor-col-50 elementor-top-column elementor-element elementor-element-3c030c3 exad-glass-effect-no exad-sticky-section-no\" data-id=\"3c030c3\" data-element_type=\"column\">\n\t\t\t<div class=\"elementor-widget-wrap elementor-element-populated\">\n\t\t\t\t\t\t<div class=\"elementor-element elementor-element-b3116de exad-sticky-section-no exad-glass-effect-no elementor-widget elementor-widget-heading\" data-id=\"b3116de\" data-element_type=\"widget\" data-widget_type=\"heading.default\">\n\t\t\t\t<div class=\"elementor-widget-container\">\n\t\t\t\t\t<h2 class=\"elementor-heading-title elementor-size-default\">Inspe\u00e7\u00e3o Inicial do GNV (Homologa\u00e7\u00e3o)<\/h2>\t\t\t\t<\/div>\n\t\t\t\t<\/div>\n\t\t\t\t<div class=\"elementor-element elementor-element-fed02a7 exad-sticky-section-no exad-glass-effect-no elementor-widget elementor-widget-image\" data-id=\"fed02a7\" data-element_type=\"widget\" data-widget_type=\"image.default\">\n\t\t\t\t<div class=\"elementor-widget-container\">\n\t\t\t\t\t\t\t\t\t\t\t\t\t\t\t<img fetchpriority=\"high\" decoding=\"async\" width=\"968\" height=\"506\" src=\"https:\/\/vrinspecao.com.br\/site\/wp-content\/uploads\/2021\/07\/serv11.jpg\" class=\"attachment-full size-full wp-image-410\" alt=\"\" srcset=\"https:\/\/vrinspecao.com.br\/site\/wp-content\/uploads\/2021\/07\/serv11.jpg 968w, https:\/\/vrinspecao.com.br\/site\/wp-content\/uploads\/2021\/07\/serv11-300x157.jpg 300w, https:\/\/vrinspecao.com.br\/site\/wp-content\/uploads\/2021\/07\/serv11-768x401.jpg 768w\" sizes=\"(max-width: 968px) 100vw, 968px\" \/>\t\t\t\t\t\t\t\t\t\t\t\t\t\t\t<\/div>\n\t\t\t\t<\/div>\n\t\t\t\t<div class=\"elementor-element elementor-element-e9fcedc exad-sticky-section-no exad-glass-effect-no elementor-widget elementor-widget-text-editor\" data-id=\"e9fcedc\" data-element_type=\"widget\" data-widget_type=\"text-editor.default\">\n\t\t\t\t<div class=\"elementor-widget-container\">\n\t\t\t\t\t\t\t\t\t<p>Inspe\u00e7\u00e3o dos itens de seguran\u00e7a do ve\u00edculo e o atendimento \u00e0s normas e regulamentos do sistema para uso de G\u00e1s Natural Veicular (GNV).<\/p>\t\t\t\t\t\t\t\t<\/div>\n\t\t\t\t<\/div>\n\t\t\t\t<div class=\"elementor-element elementor-element-58dd48a exad-sticky-section-no exad-glass-effect-no elementor-widget elementor-widget-heading\" data-id=\"58dd48a\" data-element_type=\"widget\" data-widget_type=\"heading.default\">\n\t\t\t\t<div class=\"elementor-widget-container\">\n\t\t\t\t\t<h5 class=\"elementor-heading-title elementor-size-default\">Documenta\u00e7\u00e3o:<\/h5>\t\t\t\t<\/div>\n\t\t\t\t<\/div>\n\t\t\t\t<div class=\"elementor-element elementor-element-d9406ba elementor-icon-list--layout-traditional elementor-list-item-link-full_width exad-sticky-section-no exad-glass-effect-no elementor-widget elementor-widget-icon-list\" data-id=\"d9406ba\" data-element_type=\"widget\" data-widget_type=\"icon-list.default\">\n\t\t\t\t<div class=\"elementor-widget-container\">\n\t\t\t\t\t\t\t<ul class=\"elementor-icon-list-items\">\n\t\t\t\t\t\t\t<li class=\"elementor-icon-list-item\">\n\t\t\t\t\t\t\t\t\t\t\t<span class=\"elementor-icon-list-icon\">\n\t\t\t\t\t\t\t<i aria-hidden=\"true\" class=\"fas fa-dot-circle\"><\/i>\t\t\t\t\t\t<\/span>\n\t\t\t\t\t\t\t\t\t\t<span class=\"elementor-icon-list-text\">CRV\/CRLV\/NF (documento do ve\u00edculo)<\/span>\n\t\t\t\t\t\t\t\t\t<\/li>\n\t\t\t\t\t\t\t\t<li class=\"elementor-icon-list-item\">\n\t\t\t\t\t\t\t\t\t\t\t<span class=\"elementor-icon-list-icon\">\n\t\t\t\t\t\t\t<i aria-hidden=\"true\" class=\"fas fa-dot-circle\"><\/i>\t\t\t\t\t\t<\/span>\n\t\t\t\t\t\t\t\t\t\t<span class=\"elementor-icon-list-text\">CNH (Carteira Nacional de Habilita\u00e7\u00e3o) do condutor do ve\u00edculo<\/span>\n\t\t\t\t\t\t\t\t\t<\/li>\n\t\t\t\t\t\t\t\t<li class=\"elementor-icon-list-item\">\n\t\t\t\t\t\t\t\t\t\t\t<span class=\"elementor-icon-list-icon\">\n\t\t\t\t\t\t\t<i aria-hidden=\"true\" class=\"fas fa-dot-circle\"><\/i>\t\t\t\t\t\t<\/span>\n\t\t\t\t\t\t\t\t\t\t<span class=\"elementor-icon-list-text\">Autoriza\u00e7\u00e3o para a inclus\u00e3o do kit GNV, fornecida pelo \u00d3rg\u00e3o de Tr\u00e2nsito (Detran)<\/span>\n\t\t\t\t\t\t\t\t\t<\/li>\n\t\t\t\t\t\t\t\t<li class=\"elementor-icon-list-item\">\n\t\t\t\t\t\t\t\t\t\t\t<span class=\"elementor-icon-list-icon\">\n\t\t\t\t\t\t\t<i aria-hidden=\"true\" class=\"fas fa-dot-circle\"><\/i>\t\t\t\t\t\t<\/span>\n\t\t\t\t\t\t\t\t\t\t<span class=\"elementor-icon-list-text\">Nota Fiscal de compra dos Componentes do kit GNV<\/span>\n\t\t\t\t\t\t\t\t\t<\/li>\n\t\t\t\t\t\t\t\t<li class=\"elementor-icon-list-item\">\n\t\t\t\t\t\t\t\t\t\t\t<span class=\"elementor-icon-list-icon\">\n\t\t\t\t\t\t\t<i aria-hidden=\"true\" class=\"fas fa-dot-circle\"><\/i>\t\t\t\t\t\t<\/span>\n\t\t\t\t\t\t\t\t\t\t<span class=\"elementor-icon-list-text\">Nota Fiscal de Servi\u00e7o (fornecida pela oficina homologada pelo Inmetro)<\/span>\n\t\t\t\t\t\t\t\t\t<\/li>\n\t\t\t\t\t\t\t\t<li class=\"elementor-icon-list-item\">\n\t\t\t\t\t\t\t\t\t\t\t<span class=\"elementor-icon-list-icon\">\n\t\t\t\t\t\t\t<i aria-hidden=\"true\" class=\"fas fa-dot-circle\"><\/i>\t\t\t\t\t\t<\/span>\n\t\t\t\t\t\t\t\t\t\t<span class=\"elementor-icon-list-text\">Atestado da Qualidade (fornecido pelo instalador homologado pelo Inmetro - dentro da validade de 10 dias da instala\u00e7\u00e3o)<\/span>\n\t\t\t\t\t\t\t\t\t<\/li>\n\t\t\t\t\t\t\t\t<li class=\"elementor-icon-list-item\">\n\t\t\t\t\t\t\t\t\t\t\t<span class=\"elementor-icon-list-icon\">\n\t\t\t\t\t\t\t<i aria-hidden=\"true\" class=\"fas fa-dot-circle\"><\/i>\t\t\t\t\t\t<\/span>\n\t\t\t\t\t\t\t\t\t\t<span class=\"elementor-icon-list-text\">Certificado do cilindro (cilindro novo) ou Relat\u00f3rio T\u00e9cnico de requalifica\u00e7\u00e3o do cilindro (cilindro retestado)<\/span>\n\t\t\t\t\t\t\t\t\t<\/li>\n\t\t\t\t\t\t<\/ul>\n\t\t\t\t\t\t<\/div>\n\t\t\t\t<\/div>\n\t\t\t\t<div class=\"elementor-element elementor-element-cf35f8e elementor-hidden-desktop elementor-hidden-tablet elementor-hidden-mobile exad-sticky-section-no exad-glass-effect-no elementor-widget elementor-widget-exad-modal-popup\" data-id=\"cf35f8e\" data-element_type=\"widget\" data-widget_type=\"exad-modal-popup.default\">\n\t\t\t\t<div class=\"elementor-widget-container\">\n\t\t\t\t\t\t\t\r\n\t\t<div class=\"exad-modal\">\r\n\t\t\t<div class=\"exad-modal-wrapper\">\r\n\r\n\t\t\t\t<div class=\"exad-modal-button exad-modal-btn-fixed-width-no\">\r\n\t\t\t\t\t<a href=\"#\" class=\"exad-modal-image-action image-modal\" data-exad-modal=\"#exad-modal-cf35f8e\" data-exad-overlay=\"yes\" >\r\n\t\t\t\t\t\t<span class=\"exad-modal-action-icon-\">\r\n\t\t\t\t\t\t\tVALOR DO SERVI\u00c7O\t\t\t\t\t\t<\/span>\r\n\t\t\t\t\t<\/a>\r\n\t\t\t\t<\/div>\r\n\t\t\r\n\t\t\t\t<div id=\"exad-modal-cf35f8e\" class=\"exad-modal-item modal-vimeo top-to-middle shortcode exad-content-overflow-x-yes exad-content-overflow-y-yes\" data-exad_modal_prevent_page_scroll=\"no\" >\r\n\t\t\t\t\t<div class=\"exad-modal-content\">\r\n\t\t\t\t\t\t<div class=\"exad-modal-element \">\r\n\t\t\t\t\t\t\t\t\t<div data-elementor-type=\"wp-post\" data-elementor-id=\"977\" class=\"elementor elementor-977\" data-elementor-post-type=\"ae_global_templates\">\n\t\t\t\t\t\t<section class=\"elementor-section elementor-top-section elementor-element elementor-element-00c401f elementor-section-content-middle elementor-section-boxed elementor-section-height-default elementor-section-height-default exad-sticky-section-no\" data-id=\"00c401f\" data-element_type=\"section\">\n\t\t\t\t\t\t<div class=\"elementor-container elementor-column-gap-default\">\n\t\t\t\t\t<div class=\"elementor-column elementor-col-100 elementor-top-column elementor-element elementor-element-c9d21d6 exad-glass-effect-no exad-sticky-section-no\" data-id=\"c9d21d6\" data-element_type=\"column\" data-settings=\"{&quot;background_background&quot;:&quot;classic&quot;}\">\n\t\t\t<div class=\"elementor-widget-wrap elementor-element-populated\">\n\t\t\t\t\t\t<div class=\"elementor-element elementor-element-550c5ab exad-sticky-section-no exad-glass-effect-no elementor-widget elementor-widget-heading\" data-id=\"550c5ab\" data-element_type=\"widget\" data-widget_type=\"heading.default\">\n\t\t\t\t<div class=\"elementor-widget-container\">\n\t\t\t\t\t<h3 class=\"elementor-heading-title elementor-size-default\">Qual a melhor localidade para voc\u00ea?<\/h3>\t\t\t\t<\/div>\n\t\t\t\t<\/div>\n\t\t\t\t<div class=\"elementor-element elementor-element-b4f6087 elementor-align-center elementor-widget__width-inherit elementor-widget-mobile__width-inherit exad-sticky-section-no exad-glass-effect-no elementor-widget elementor-widget-button\" data-id=\"b4f6087\" data-element_type=\"widget\" data-widget_type=\"button.default\">\n\t\t\t\t<div class=\"elementor-widget-container\">\n\t\t\t\t\t\t\t\t\t<div class=\"elementor-button-wrapper\">\n\t\t\t\t\t<a class=\"elementor-button elementor-button-link elementor-size-md elementor-animation-grow\" href=\"https:\/\/vrinspecao.com.br\/site\/valor-inspecao-inicial-do-gnv\/\">\n\t\t\t\t\t\t<span class=\"elementor-button-content-wrapper\">\n\t\t\t\t\t\t\t\t\t<span class=\"elementor-button-text\">Volta Redonda<\/span>\n\t\t\t\t\t<\/span>\n\t\t\t\t\t<\/a>\n\t\t\t\t<\/div>\n\t\t\t\t\t\t\t\t<\/div>\n\t\t\t\t<\/div>\n\t\t\t\t<div class=\"elementor-element elementor-element-677458a elementor-align-center elementor-widget__width-inherit elementor-widget-mobile__width-inherit exad-sticky-section-no exad-glass-effect-no elementor-widget elementor-widget-button\" data-id=\"677458a\" data-element_type=\"widget\" data-widget_type=\"button.default\">\n\t\t\t\t<div class=\"elementor-widget-container\">\n\t\t\t\t\t\t\t\t\t<div class=\"elementor-button-wrapper\">\n\t\t\t\t\t<a class=\"elementor-button elementor-button-link elementor-size-md elementor-animation-grow\" href=\"https:\/\/barradopirai.vrinspecao.com.br\/valor-inspecao-inicial-do-gnv\/\">\n\t\t\t\t\t\t<span class=\"elementor-button-content-wrapper\">\n\t\t\t\t\t\t\t\t\t<span class=\"elementor-button-text\">Barra do Pira\u00ed<\/span>\n\t\t\t\t\t<\/span>\n\t\t\t\t\t<\/a>\n\t\t\t\t<\/div>\n\t\t\t\t\t\t\t\t<\/div>\n\t\t\t\t<\/div>\n\t\t\t\t\t<\/div>\n\t\t<\/div>\n\t\t\t\t\t<\/div>\n\t\t<\/section>\n\t\t\t\t<\/div>\n\t\t\r\n\t\t\t\t\t\t\t<div class=\"exad-close-btn\">\r\n\t\t\t\t\t\t\t\t<span><\/span>\r\n\t\t\t\t\t\t\t<\/div>\r\n\r\n\t\t\t\t\t\t<\/div>\r\n\t\t\t\t\t<\/div>\r\n\t\t\t\t<\/div>\r\n\t\t\t<\/div>\r\n\t\t\t<div class=\"exad-modal-overlay\" data-exad_overlay_click_close=\"yes\"><\/div>\r\n\t\t<\/div>\r\n\t\t\t\t\t<\/div>\n\t\t\t\t<\/div>\n\t\t\t\t<div class=\"elementor-element elementor-element-40eb640 elementor-align-center exad-sticky-section-no exad-glass-effect-no elementor-widget elementor-widget-button\" data-id=\"40eb640\" data-element_type=\"widget\" data-widget_type=\"button.default\">\n\t\t\t\t<div class=\"elementor-widget-container\">\n\t\t\t\t\t\t\t\t\t<div class=\"elementor-button-wrapper\">\n\t\t\t\t\t<a class=\"elementor-button elementor-button-link elementor-size-sm\" href=\"https:\/\/vrinspecao.com.br\/site\/valor-inspecao-inicial-do-gnv\/\">\n\t\t\t\t\t\t<span class=\"elementor-button-content-wrapper\">\n\t\t\t\t\t\t\t\t\t<span class=\"elementor-button-text\">VALOR DO SERVI\u00c7O<\/span>\n\t\t\t\t\t<\/span>\n\t\t\t\t\t<\/a>\n\t\t\t\t<\/div>\n\t\t\t\t\t\t\t\t<\/div>\n\t\t\t\t<\/div>\n\t\t\t\t\t<\/div>\n\t\t<\/div>\n\t\t\t\t<div class=\"elementor-column elementor-col-25 elementor-top-column elementor-element elementor-element-680a7c7 exad-glass-effect-no exad-sticky-section-no\" data-id=\"680a7c7\" data-element_type=\"column\">\n\t\t\t<div class=\"elementor-widget-wrap\">\n\t\t\t\t\t\t\t<\/div>\n\t\t<\/div>\n\t\t\t\t\t<\/div>\n\t\t<\/section>\n\t\t\t\t<\/div>\n\t\t","protected":false},"excerpt":{"rendered":"<p>Inspe\u00e7\u00e3o Inicial do GNV (Homologa\u00e7\u00e3o) Inspe\u00e7\u00e3o dos itens de seguran\u00e7a do ve\u00edculo e o atendimento \u00e0s normas e regulamentos do sistema para uso de G\u00e1s Natural Veicular (GNV). Documenta\u00e7\u00e3o: CRV\/CRLV\/NF (documento do ve\u00edculo) CNH (Carteira Nacional de Habilita\u00e7\u00e3o) do condutor do ve\u00edculo Autoriza\u00e7\u00e3o para a inclus\u00e3o do kit GNV, fornecida pelo \u00d3rg\u00e3o de Tr\u00e2nsito (Detran) [&hellip;]<\/p>\n","protected":false},"author":1,"featured_media":0,"parent":0,"menu_order":0,"comment_status":"closed","ping_status":"closed","template":"elementor_header_footer","meta":{"footnotes":""},"class_list":["post-107","page","type-page","status-publish","hentry"],"yoast_head":"<!-- This site is optimized with the Yoast SEO plugin v26.8 - https:\/\/yoast.com\/product\/yoast-seo-wordpress\/ -->\n<title>VR INSPE\u00c7\u00c3O | Inspe\u00e7\u00e3o Veicular | Volta Redonda RJ - Inspe\u00e7\u00e3o Inicial do GNV<\/title>\n<meta name=\"robots\" content=\"index, follow, max-snippet:-1, max-image-preview:large, max-video-preview:-1\" \/>\n<link rel=\"canonical\" href=\"https:\/\/vrinspecao.com.br\/site\/inspecao-inicial-do-gnv\/\" \/>\n<meta property=\"og:locale\" content=\"pt_BR\" \/>\n<meta property=\"og:type\" content=\"article\" \/>\n<meta property=\"og:title\" content=\"VR INSPE\u00c7\u00c3O | Inspe\u00e7\u00e3o Veicular | Volta Redonda RJ - Inspe\u00e7\u00e3o Inicial do GNV\" \/>\n<meta property=\"og:description\" content=\"Inspe\u00e7\u00e3o Inicial do GNV (Homologa\u00e7\u00e3o) Inspe\u00e7\u00e3o dos itens de seguran\u00e7a do ve\u00edculo e o atendimento \u00e0s normas e regulamentos do sistema para uso de G\u00e1s Natural Veicular (GNV). Documenta\u00e7\u00e3o: CRV\/CRLV\/NF (documento do ve\u00edculo) CNH (Carteira Nacional de Habilita\u00e7\u00e3o) do condutor do ve\u00edculo Autoriza\u00e7\u00e3o para a inclus\u00e3o do kit GNV, fornecida pelo \u00d3rg\u00e3o de Tr\u00e2nsito (Detran) [&hellip;]\" \/>\n<meta property=\"og:url\" content=\"https:\/\/vrinspecao.com.br\/site\/inspecao-inicial-do-gnv\/\" \/>\n<meta property=\"og:site_name\" content=\"VR INSPE\u00c7\u00c3O | Inspe\u00e7\u00e3o Veicular | Volta Redonda RJ\" \/>\n<meta property=\"article:modified_time\" content=\"2024-08-05T13:45:11+00:00\" \/>\n<meta property=\"og:image\" content=\"https:\/\/vrinspecao.com.br\/site\/wp-content\/uploads\/2021\/07\/serv11.jpg\" \/>\n<meta name=\"twitter:card\" content=\"summary_large_image\" \/>\n<meta name=\"twitter:label1\" content=\"Est. tempo de leitura\" \/>\n\t<meta name=\"twitter:data1\" content=\"1 minuto\" \/>\n<script type=\"application\/ld+json\" class=\"yoast-schema-graph\">{\"@context\":\"https:\/\/schema.org\",\"@graph\":[{\"@type\":\"WebPage\",\"@id\":\"https:\/\/vrinspecao.com.br\/site\/inspecao-inicial-do-gnv\/\",\"url\":\"https:\/\/vrinspecao.com.br\/site\/inspecao-inicial-do-gnv\/\",\"name\":\"VR INSPE\u00c7\u00c3O | Inspe\u00e7\u00e3o Veicular | Volta Redonda RJ - Inspe\u00e7\u00e3o Inicial do GNV\",\"isPartOf\":{\"@id\":\"https:\/\/vrinspecao.com.br\/site\/#website\"},\"primaryImageOfPage\":{\"@id\":\"https:\/\/vrinspecao.com.br\/site\/inspecao-inicial-do-gnv\/#primaryimage\"},\"image\":{\"@id\":\"https:\/\/vrinspecao.com.br\/site\/inspecao-inicial-do-gnv\/#primaryimage\"},\"thumbnailUrl\":\"https:\/\/vrinspecao.com.br\/site\/wp-content\/uploads\/2021\/07\/serv11.jpg\",\"datePublished\":\"2021-07-09T13:41:46+00:00\",\"dateModified\":\"2024-08-05T13:45:11+00:00\",\"breadcrumb\":{\"@id\":\"https:\/\/vrinspecao.com.br\/site\/inspecao-inicial-do-gnv\/#breadcrumb\"},\"inLanguage\":\"pt-BR\",\"potentialAction\":[{\"@type\":\"ReadAction\",\"target\":[\"https:\/\/vrinspecao.com.br\/site\/inspecao-inicial-do-gnv\/\"]}]},{\"@type\":\"ImageObject\",\"inLanguage\":\"pt-BR\",\"@id\":\"https:\/\/vrinspecao.com.br\/site\/inspecao-inicial-do-gnv\/#primaryimage\",\"url\":\"https:\/\/vrinspecao.com.br\/site\/wp-content\/uploads\/2021\/07\/serv11.jpg\",\"contentUrl\":\"https:\/\/vrinspecao.com.br\/site\/wp-content\/uploads\/2021\/07\/serv11.jpg\",\"width\":968,\"height\":506},{\"@type\":\"BreadcrumbList\",\"@id\":\"https:\/\/vrinspecao.com.br\/site\/inspecao-inicial-do-gnv\/#breadcrumb\",\"itemListElement\":[{\"@type\":\"ListItem\",\"position\":1,\"name\":\"In\u00edcio\",\"item\":\"https:\/\/vrinspecao.com.br\/site\/\"},{\"@type\":\"ListItem\",\"position\":2,\"name\":\"Inspe\u00e7\u00e3o Inicial do GNV\"}]},{\"@type\":\"WebSite\",\"@id\":\"https:\/\/vrinspecao.com.br\/site\/#website\",\"url\":\"https:\/\/vrinspecao.com.br\/site\/\",\"name\":\"VR INSPE\u00c7\u00c3O | Inspe\u00e7\u00e3o Veicular | Volta Redonda RJ\",\"description\":\"\",\"publisher\":{\"@id\":\"https:\/\/vrinspecao.com.br\/site\/#organization\"},\"potentialAction\":[{\"@type\":\"SearchAction\",\"target\":{\"@type\":\"EntryPoint\",\"urlTemplate\":\"https:\/\/vrinspecao.com.br\/site\/?s={search_term_string}\"},\"query-input\":{\"@type\":\"PropertyValueSpecification\",\"valueRequired\":true,\"valueName\":\"search_term_string\"}}],\"inLanguage\":\"pt-BR\"},{\"@type\":\"Organization\",\"@id\":\"https:\/\/vrinspecao.com.br\/site\/#organization\",\"name\":\"VR INSPE\u00c7\u00c3O | Inspe\u00e7\u00e3o Veicular | Volta Redonda RJ\",\"url\":\"https:\/\/vrinspecao.com.br\/site\/\",\"logo\":{\"@type\":\"ImageObject\",\"inLanguage\":\"pt-BR\",\"@id\":\"https:\/\/vrinspecao.com.br\/site\/#\/schema\/logo\/image\/\",\"url\":\"https:\/\/vrinspecao.com.br\/site\/wp-content\/uploads\/2023\/07\/cropped-Group-12-4.png\",\"contentUrl\":\"https:\/\/vrinspecao.com.br\/site\/wp-content\/uploads\/2023\/07\/cropped-Group-12-4.png\",\"width\":2047,\"height\":1183,\"caption\":\"VR INSPE\u00c7\u00c3O | Inspe\u00e7\u00e3o Veicular | Volta Redonda RJ\"},\"image\":{\"@id\":\"https:\/\/vrinspecao.com.br\/site\/#\/schema\/logo\/image\/\"}}]}<\/script>\n<!-- \/ Yoast SEO plugin. -->","yoast_head_json":{"title":"VR INSPE\u00c7\u00c3O | Inspe\u00e7\u00e3o Veicular | Volta Redonda RJ - Inspe\u00e7\u00e3o Inicial do GNV","robots":{"index":"index","follow":"follow","max-snippet":"max-snippet:-1","max-image-preview":"max-image-preview:large","max-video-preview":"max-video-preview:-1"},"canonical":"https:\/\/vrinspecao.com.br\/site\/inspecao-inicial-do-gnv\/","og_locale":"pt_BR","og_type":"article","og_title":"VR INSPE\u00c7\u00c3O | Inspe\u00e7\u00e3o Veicular | Volta Redonda RJ - Inspe\u00e7\u00e3o Inicial do GNV","og_description":"Inspe\u00e7\u00e3o Inicial do GNV (Homologa\u00e7\u00e3o) Inspe\u00e7\u00e3o dos itens de seguran\u00e7a do ve\u00edculo e o atendimento \u00e0s normas e regulamentos do sistema para uso de G\u00e1s Natural Veicular (GNV). Documenta\u00e7\u00e3o: CRV\/CRLV\/NF (documento do ve\u00edculo) CNH (Carteira Nacional de Habilita\u00e7\u00e3o) do condutor do ve\u00edculo Autoriza\u00e7\u00e3o para a inclus\u00e3o do kit GNV, fornecida pelo \u00d3rg\u00e3o de Tr\u00e2nsito (Detran) [&hellip;]","og_url":"https:\/\/vrinspecao.com.br\/site\/inspecao-inicial-do-gnv\/","og_site_name":"VR INSPE\u00c7\u00c3O | Inspe\u00e7\u00e3o Veicular | Volta Redonda RJ","article_modified_time":"2024-08-05T13:45:11+00:00","og_image":[{"url":"https:\/\/vrinspecao.com.br\/site\/wp-content\/uploads\/2021\/07\/serv11.jpg","type":"","width":"","height":""}],"twitter_card":"summary_large_image","twitter_misc":{"Est. tempo de leitura":"1 minuto"},"schema":{"@context":"https:\/\/schema.org","@graph":[{"@type":"WebPage","@id":"https:\/\/vrinspecao.com.br\/site\/inspecao-inicial-do-gnv\/","url":"https:\/\/vrinspecao.com.br\/site\/inspecao-inicial-do-gnv\/","name":"VR INSPE\u00c7\u00c3O | Inspe\u00e7\u00e3o Veicular | Volta Redonda RJ - Inspe\u00e7\u00e3o Inicial do GNV","isPartOf":{"@id":"https:\/\/vrinspecao.com.br\/site\/#website"},"primaryImageOfPage":{"@id":"https:\/\/vrinspecao.com.br\/site\/inspecao-inicial-do-gnv\/#primaryimage"},"image":{"@id":"https:\/\/vrinspecao.com.br\/site\/inspecao-inicial-do-gnv\/#primaryimage"},"thumbnailUrl":"https:\/\/vrinspecao.com.br\/site\/wp-content\/uploads\/2021\/07\/serv11.jpg","datePublished":"2021-07-09T13:41:46+00:00","dateModified":"2024-08-05T13:45:11+00:00","breadcrumb":{"@id":"https:\/\/vrinspecao.com.br\/site\/inspecao-inicial-do-gnv\/#breadcrumb"},"inLanguage":"pt-BR","potentialAction":[{"@type":"ReadAction","target":["https:\/\/vrinspecao.com.br\/site\/inspecao-inicial-do-gnv\/"]}]},{"@type":"ImageObject","inLanguage":"pt-BR","@id":"https:\/\/vrinspecao.com.br\/site\/inspecao-inicial-do-gnv\/#primaryimage","url":"https:\/\/vrinspecao.com.br\/site\/wp-content\/uploads\/2021\/07\/serv11.jpg","contentUrl":"https:\/\/vrinspecao.com.br\/site\/wp-content\/uploads\/2021\/07\/serv11.jpg","width":968,"height":506},{"@type":"BreadcrumbList","@id":"https:\/\/vrinspecao.com.br\/site\/inspecao-inicial-do-gnv\/#breadcrumb","itemListElement":[{"@type":"ListItem","position":1,"name":"In\u00edcio","item":"https:\/\/vrinspecao.com.br\/site\/"},{"@type":"ListItem","position":2,"name":"Inspe\u00e7\u00e3o Inicial do GNV"}]},{"@type":"WebSite","@id":"https:\/\/vrinspecao.com.br\/site\/#website","url":"https:\/\/vrinspecao.com.br\/site\/","name":"VR INSPE\u00c7\u00c3O | Inspe\u00e7\u00e3o Veicular | Volta Redonda RJ","description":"","publisher":{"@id":"https:\/\/vrinspecao.com.br\/site\/#organization"},"potentialAction":[{"@type":"SearchAction","target":{"@type":"EntryPoint","urlTemplate":"https:\/\/vrinspecao.com.br\/site\/?s={search_term_string}"},"query-input":{"@type":"PropertyValueSpecification","valueRequired":true,"valueName":"search_term_string"}}],"inLanguage":"pt-BR"},{"@type":"Organization","@id":"https:\/\/vrinspecao.com.br\/site\/#organization","name":"VR INSPE\u00c7\u00c3O | Inspe\u00e7\u00e3o Veicular | Volta Redonda RJ","url":"https:\/\/vrinspecao.com.br\/site\/","logo":{"@type":"ImageObject","inLanguage":"pt-BR","@id":"https:\/\/vrinspecao.com.br\/site\/#\/schema\/logo\/image\/","url":"https:\/\/vrinspecao.com.br\/site\/wp-content\/uploads\/2023\/07\/cropped-Group-12-4.png","contentUrl":"https:\/\/vrinspecao.com.br\/site\/wp-content\/uploads\/2023\/07\/cropped-Group-12-4.png","width":2047,"height":1183,"caption":"VR INSPE\u00c7\u00c3O | Inspe\u00e7\u00e3o Veicular | Volta Redonda RJ"},"image":{"@id":"https:\/\/vrinspecao.com.br\/site\/#\/schema\/logo\/image\/"}}]}},"_links":{"self":[{"href":"https:\/\/vrinspecao.com.br\/site\/wp-json\/wp\/v2\/pages\/107","targetHints":{"allow":["GET"]}}],"collection":[{"href":"https:\/\/vrinspecao.com.br\/site\/wp-json\/wp\/v2\/pages"}],"about":[{"href":"https:\/\/vrinspecao.com.br\/site\/wp-json\/wp\/v2\/types\/page"}],"author":[{"embeddable":true,"href":"https:\/\/vrinspecao.com.br\/site\/wp-json\/wp\/v2\/users\/1"}],"replies":[{"embeddable":true,"href":"https:\/\/vrinspecao.com.br\/site\/wp-json\/wp\/v2\/comments?post=107"}],"version-history":[{"count":0,"href":"https:\/\/vrinspecao.com.br\/site\/wp-json\/wp\/v2\/pages\/107\/revisions"}],"wp:attachment":[{"href":"https:\/\/vrinspecao.com.br\/site\/wp-json\/wp\/v2\/media?parent=107"}],"curies":[{"name":"wp","href":"https:\/\/api.w.org\/{rel}","templated":true}]}}