{"id":1062,"date":"2023-07-07T15:51:25","date_gmt":"2023-07-07T18:51:25","guid":{"rendered":"https:\/\/vrinspecao.com.br\/site\/?page_id=1062"},"modified":"2026-02-13T14:03:50","modified_gmt":"2026-02-13T17:03:50","slug":"valor-fabricados-artesanalmente","status":"publish","type":"page","link":"https:\/\/vrinspecao.com.br\/site\/valor-fabricados-artesanalmente\/","title":{"rendered":"Valor &#8211; Fabricados Artesanalmente"},"content":{"rendered":"\t\t<div data-elementor-type=\"wp-page\" data-elementor-id=\"1062\" class=\"elementor elementor-1062\" data-elementor-post-type=\"page\">\n\t\t\t\t\t\t<section class=\"elementor-section elementor-top-section elementor-element elementor-element-2b81b81 elementor-section-boxed elementor-section-height-default elementor-section-height-default exad-glass-effect-no exad-sticky-section-no\" data-id=\"2b81b81\" data-element_type=\"section\">\n\t\t\t\t\t\t<div class=\"elementor-container elementor-column-gap-default\">\n\t\t\t\t\t<div class=\"elementor-column elementor-col-25 elementor-top-column elementor-element elementor-element-108db75 exad-glass-effect-no exad-sticky-section-no\" data-id=\"108db75\" data-element_type=\"column\">\n\t\t\t<div class=\"elementor-widget-wrap\">\n\t\t\t\t\t\t\t<\/div>\n\t\t<\/div>\n\t\t\t\t<div class=\"elementor-column elementor-col-50 elementor-top-column elementor-element elementor-element-b40ecd1 exad-glass-effect-no exad-sticky-section-no\" data-id=\"b40ecd1\" data-element_type=\"column\">\n\t\t\t<div class=\"elementor-widget-wrap elementor-element-populated\">\n\t\t\t\t\t\t<div class=\"elementor-element elementor-element-eeecbc9 exad-sticky-section-no exad-glass-effect-no elementor-widget elementor-widget-heading\" data-id=\"eeecbc9\" data-element_type=\"widget\" data-widget_type=\"heading.default\">\n\t\t\t\t<div class=\"elementor-widget-container\">\n\t\t\t\t\t<h2 class=\"elementor-heading-title elementor-size-default\">Fabricados Artesanalmente<\/h2>\t\t\t\t<\/div>\n\t\t\t\t<\/div>\n\t\t\t\t<div class=\"elementor-element elementor-element-fad7285 exad-sticky-section-no exad-glass-effect-no elementor-widget elementor-widget-image\" data-id=\"fad7285\" data-element_type=\"widget\" data-widget_type=\"image.default\">\n\t\t\t\t<div class=\"elementor-widget-container\">\n\t\t\t\t\t\t\t\t\t\t\t\t\t\t\t<img fetchpriority=\"high\" decoding=\"async\" width=\"1024\" height=\"581\" src=\"https:\/\/vrinspecao.com.br\/site\/wp-content\/uploads\/2021\/07\/serv5-1024x581.jpeg\" class=\"attachment-large size-large wp-image-433\" alt=\"\" srcset=\"https:\/\/vrinspecao.com.br\/site\/wp-content\/uploads\/2021\/07\/serv5-1024x581.jpeg 1024w, https:\/\/vrinspecao.com.br\/site\/wp-content\/uploads\/2021\/07\/serv5-300x170.jpeg 300w, https:\/\/vrinspecao.com.br\/site\/wp-content\/uploads\/2021\/07\/serv5-768x436.jpeg 768w, https:\/\/vrinspecao.com.br\/site\/wp-content\/uploads\/2021\/07\/serv5.jpeg 1200w\" sizes=\"(max-width: 1024px) 100vw, 1024px\" \/>\t\t\t\t\t\t\t\t\t\t\t\t\t\t\t<\/div>\n\t\t\t\t<\/div>\n\t\t\t\t<div class=\"elementor-element elementor-element-564c3e2 exad-sticky-section-no exad-glass-effect-no elementor-widget elementor-widget-heading\" data-id=\"564c3e2\" data-element_type=\"widget\" data-widget_type=\"heading.default\">\n\t\t\t\t<div class=\"elementor-widget-container\">\n\t\t\t\t\t<h4 class=\"elementor-heading-title elementor-size-default\">Valor da Inspe\u00e7\u00e3o: R$ 650,00<\/h4>\t\t\t\t<\/div>\n\t\t\t\t<\/div>\n\t\t\t\t<div class=\"elementor-element elementor-element-927365b exad-sticky-section-no exad-glass-effect-no elementor-widget elementor-widget-text-editor\" data-id=\"927365b\" data-element_type=\"widget\" data-widget_type=\"text-editor.default\">\n\t\t\t\t<div class=\"elementor-widget-container\">\n\t\t\t\t\t\t\t\t\t<p>O tempo m\u00e9dio de espera \u00e9 de 1 hora, podendo variar de acordo com o tipo de ve\u00edculo e quantidade de ve\u00edculos sendo inspecionados.<\/p>\t\t\t\t\t\t\t\t<\/div>\n\t\t\t\t<\/div>\n\t\t\t\t<div class=\"elementor-element elementor-element-de19383 elementor-align-center exad-sticky-section-no exad-glass-effect-no elementor-widget elementor-widget-button\" data-id=\"de19383\" data-element_type=\"widget\" data-widget_type=\"button.default\">\n\t\t\t\t<div class=\"elementor-widget-container\">\n\t\t\t\t\t\t\t\t\t<div class=\"elementor-button-wrapper\">\n\t\t\t\t\t<a class=\"elementor-button elementor-button-link elementor-size-md elementor-animation-grow\" href=\"https:\/\/wa.me\/5524999886786?text=Ol%C3%A1%2C+gostaria+de+realizar+um+agendamento+para+o+servi%C3%A7o+Fabricados+Artesanalmente\">\n\t\t\t\t\t\t<span class=\"elementor-button-content-wrapper\">\n\t\t\t\t\t\t<span class=\"elementor-button-icon\">\n\t\t\t\t<i aria-hidden=\"true\" class=\"fab fa-whatsapp\"><\/i>\t\t\t<\/span>\n\t\t\t\t\t\t\t\t\t<span class=\"elementor-button-text\">AGENDAR SERVI\u00c7O<\/span>\n\t\t\t\t\t<\/span>\n\t\t\t\t\t<\/a>\n\t\t\t\t<\/div>\n\t\t\t\t\t\t\t\t<\/div>\n\t\t\t\t<\/div>\n\t\t\t\t\t<\/div>\n\t\t<\/div>\n\t\t\t\t<div class=\"elementor-column elementor-col-25 elementor-top-column elementor-element elementor-element-fd2dcea exad-glass-effect-no exad-sticky-section-no\" data-id=\"fd2dcea\" data-element_type=\"column\">\n\t\t\t<div class=\"elementor-widget-wrap\">\n\t\t\t\t\t\t\t<\/div>\n\t\t<\/div>\n\t\t\t\t\t<\/div>\n\t\t<\/section>\n\t\t\t\t<\/div>\n\t\t","protected":false},"excerpt":{"rendered":"<p>Fabricados Artesanalmente Valor da Inspe\u00e7\u00e3o: R$ 650,00 O tempo m\u00e9dio de espera \u00e9 de 1 hora, podendo variar de acordo com o tipo de ve\u00edculo e quantidade de ve\u00edculos sendo inspecionados. AGENDAR SERVI\u00c7O<\/p>\n","protected":false},"author":1,"featured_media":0,"parent":0,"menu_order":0,"comment_status":"closed","ping_status":"closed","template":"elementor_header_footer","meta":{"footnotes":""},"class_list":["post-1062","page","type-page","status-publish","hentry"],"yoast_head":"<!-- This site is optimized with the Yoast SEO plugin v26.8 - https:\/\/yoast.com\/product\/yoast-seo-wordpress\/ -->\n<title>VR INSPE\u00c7\u00c3O | Inspe\u00e7\u00e3o Veicular | Volta Redonda RJ - Valor - Fabricados Artesanalmente<\/title>\n<meta name=\"robots\" content=\"index, follow, max-snippet:-1, max-image-preview:large, max-video-preview:-1\" \/>\n<link rel=\"canonical\" href=\"https:\/\/vrinspecao.com.br\/site\/valor-fabricados-artesanalmente\/\" \/>\n<meta property=\"og:locale\" content=\"pt_BR\" \/>\n<meta property=\"og:type\" content=\"article\" \/>\n<meta property=\"og:title\" content=\"VR INSPE\u00c7\u00c3O | Inspe\u00e7\u00e3o Veicular | Volta Redonda RJ - Valor - Fabricados Artesanalmente\" \/>\n<meta property=\"og:description\" content=\"Fabricados Artesanalmente Valor da Inspe\u00e7\u00e3o: R$ 650,00 O tempo m\u00e9dio de espera \u00e9 de 1 hora, podendo variar de acordo com o tipo de ve\u00edculo e quantidade de ve\u00edculos sendo inspecionados. AGENDAR SERVI\u00c7O\" \/>\n<meta property=\"og:url\" content=\"https:\/\/vrinspecao.com.br\/site\/valor-fabricados-artesanalmente\/\" \/>\n<meta property=\"og:site_name\" content=\"VR INSPE\u00c7\u00c3O | Inspe\u00e7\u00e3o Veicular | Volta Redonda RJ\" \/>\n<meta property=\"article:modified_time\" content=\"2026-02-13T17:03:50+00:00\" \/>\n<meta property=\"og:image\" content=\"https:\/\/vrinspecao.com.br\/site\/wp-content\/uploads\/2021\/07\/serv5.jpeg\" \/>\n\t<meta property=\"og:image:width\" content=\"1200\" \/>\n\t<meta property=\"og:image:height\" content=\"681\" \/>\n\t<meta property=\"og:image:type\" content=\"image\/jpeg\" \/>\n<meta name=\"twitter:card\" content=\"summary_large_image\" \/>\n<meta name=\"twitter:label1\" content=\"Est. tempo de leitura\" \/>\n\t<meta name=\"twitter:data1\" content=\"1 minuto\" \/>\n<script type=\"application\/ld+json\" class=\"yoast-schema-graph\">{\"@context\":\"https:\/\/schema.org\",\"@graph\":[{\"@type\":\"WebPage\",\"@id\":\"https:\/\/vrinspecao.com.br\/site\/valor-fabricados-artesanalmente\/\",\"url\":\"https:\/\/vrinspecao.com.br\/site\/valor-fabricados-artesanalmente\/\",\"name\":\"VR INSPE\u00c7\u00c3O | Inspe\u00e7\u00e3o Veicular | Volta Redonda RJ - Valor - Fabricados Artesanalmente\",\"isPartOf\":{\"@id\":\"https:\/\/vrinspecao.com.br\/site\/#website\"},\"primaryImageOfPage\":{\"@id\":\"https:\/\/vrinspecao.com.br\/site\/valor-fabricados-artesanalmente\/#primaryimage\"},\"image\":{\"@id\":\"https:\/\/vrinspecao.com.br\/site\/valor-fabricados-artesanalmente\/#primaryimage\"},\"thumbnailUrl\":\"https:\/\/vrinspecao.com.br\/site\/wp-content\/uploads\/2021\/07\/serv5-1024x581.jpeg\",\"datePublished\":\"2023-07-07T18:51:25+00:00\",\"dateModified\":\"2026-02-13T17:03:50+00:00\",\"breadcrumb\":{\"@id\":\"https:\/\/vrinspecao.com.br\/site\/valor-fabricados-artesanalmente\/#breadcrumb\"},\"inLanguage\":\"pt-BR\",\"potentialAction\":[{\"@type\":\"ReadAction\",\"target\":[\"https:\/\/vrinspecao.com.br\/site\/valor-fabricados-artesanalmente\/\"]}]},{\"@type\":\"ImageObject\",\"inLanguage\":\"pt-BR\",\"@id\":\"https:\/\/vrinspecao.com.br\/site\/valor-fabricados-artesanalmente\/#primaryimage\",\"url\":\"https:\/\/vrinspecao.com.br\/site\/wp-content\/uploads\/2021\/07\/serv5.jpeg\",\"contentUrl\":\"https:\/\/vrinspecao.com.br\/site\/wp-content\/uploads\/2021\/07\/serv5.jpeg\",\"width\":1200,\"height\":681},{\"@type\":\"BreadcrumbList\",\"@id\":\"https:\/\/vrinspecao.com.br\/site\/valor-fabricados-artesanalmente\/#breadcrumb\",\"itemListElement\":[{\"@type\":\"ListItem\",\"position\":1,\"name\":\"In\u00edcio\",\"item\":\"https:\/\/vrinspecao.com.br\/site\/\"},{\"@type\":\"ListItem\",\"position\":2,\"name\":\"Valor &#8211; Fabricados Artesanalmente\"}]},{\"@type\":\"WebSite\",\"@id\":\"https:\/\/vrinspecao.com.br\/site\/#website\",\"url\":\"https:\/\/vrinspecao.com.br\/site\/\",\"name\":\"VR INSPE\u00c7\u00c3O | Inspe\u00e7\u00e3o Veicular | Volta Redonda RJ\",\"description\":\"\",\"publisher\":{\"@id\":\"https:\/\/vrinspecao.com.br\/site\/#organization\"},\"potentialAction\":[{\"@type\":\"SearchAction\",\"target\":{\"@type\":\"EntryPoint\",\"urlTemplate\":\"https:\/\/vrinspecao.com.br\/site\/?s={search_term_string}\"},\"query-input\":{\"@type\":\"PropertyValueSpecification\",\"valueRequired\":true,\"valueName\":\"search_term_string\"}}],\"inLanguage\":\"pt-BR\"},{\"@type\":\"Organization\",\"@id\":\"https:\/\/vrinspecao.com.br\/site\/#organization\",\"name\":\"VR INSPE\u00c7\u00c3O | Inspe\u00e7\u00e3o Veicular | Volta Redonda RJ\",\"url\":\"https:\/\/vrinspecao.com.br\/site\/\",\"logo\":{\"@type\":\"ImageObject\",\"inLanguage\":\"pt-BR\",\"@id\":\"https:\/\/vrinspecao.com.br\/site\/#\/schema\/logo\/image\/\",\"url\":\"https:\/\/vrinspecao.com.br\/site\/wp-content\/uploads\/2023\/07\/cropped-Group-12-4.png\",\"contentUrl\":\"https:\/\/vrinspecao.com.br\/site\/wp-content\/uploads\/2023\/07\/cropped-Group-12-4.png\",\"width\":2047,\"height\":1183,\"caption\":\"VR INSPE\u00c7\u00c3O | Inspe\u00e7\u00e3o Veicular | Volta Redonda RJ\"},\"image\":{\"@id\":\"https:\/\/vrinspecao.com.br\/site\/#\/schema\/logo\/image\/\"}}]}<\/script>\n<!-- \/ Yoast SEO plugin. -->","yoast_head_json":{"title":"VR INSPE\u00c7\u00c3O | Inspe\u00e7\u00e3o Veicular | Volta Redonda RJ - Valor - Fabricados Artesanalmente","robots":{"index":"index","follow":"follow","max-snippet":"max-snippet:-1","max-image-preview":"max-image-preview:large","max-video-preview":"max-video-preview:-1"},"canonical":"https:\/\/vrinspecao.com.br\/site\/valor-fabricados-artesanalmente\/","og_locale":"pt_BR","og_type":"article","og_title":"VR INSPE\u00c7\u00c3O | Inspe\u00e7\u00e3o Veicular | Volta Redonda RJ - Valor - Fabricados Artesanalmente","og_description":"Fabricados Artesanalmente Valor da Inspe\u00e7\u00e3o: R$ 650,00 O tempo m\u00e9dio de espera \u00e9 de 1 hora, podendo variar de acordo com o tipo de ve\u00edculo e quantidade de ve\u00edculos sendo inspecionados. AGENDAR SERVI\u00c7O","og_url":"https:\/\/vrinspecao.com.br\/site\/valor-fabricados-artesanalmente\/","og_site_name":"VR INSPE\u00c7\u00c3O | Inspe\u00e7\u00e3o Veicular | Volta Redonda RJ","article_modified_time":"2026-02-13T17:03:50+00:00","og_image":[{"width":1200,"height":681,"url":"https:\/\/vrinspecao.com.br\/site\/wp-content\/uploads\/2021\/07\/serv5.jpeg","type":"image\/jpeg"}],"twitter_card":"summary_large_image","twitter_misc":{"Est. tempo de leitura":"1 minuto"},"schema":{"@context":"https:\/\/schema.org","@graph":[{"@type":"WebPage","@id":"https:\/\/vrinspecao.com.br\/site\/valor-fabricados-artesanalmente\/","url":"https:\/\/vrinspecao.com.br\/site\/valor-fabricados-artesanalmente\/","name":"VR INSPE\u00c7\u00c3O | Inspe\u00e7\u00e3o Veicular | Volta Redonda RJ - Valor - Fabricados Artesanalmente","isPartOf":{"@id":"https:\/\/vrinspecao.com.br\/site\/#website"},"primaryImageOfPage":{"@id":"https:\/\/vrinspecao.com.br\/site\/valor-fabricados-artesanalmente\/#primaryimage"},"image":{"@id":"https:\/\/vrinspecao.com.br\/site\/valor-fabricados-artesanalmente\/#primaryimage"},"thumbnailUrl":"https:\/\/vrinspecao.com.br\/site\/wp-content\/uploads\/2021\/07\/serv5-1024x581.jpeg","datePublished":"2023-07-07T18:51:25+00:00","dateModified":"2026-02-13T17:03:50+00:00","breadcrumb":{"@id":"https:\/\/vrinspecao.com.br\/site\/valor-fabricados-artesanalmente\/#breadcrumb"},"inLanguage":"pt-BR","potentialAction":[{"@type":"ReadAction","target":["https:\/\/vrinspecao.com.br\/site\/valor-fabricados-artesanalmente\/"]}]},{"@type":"ImageObject","inLanguage":"pt-BR","@id":"https:\/\/vrinspecao.com.br\/site\/valor-fabricados-artesanalmente\/#primaryimage","url":"https:\/\/vrinspecao.com.br\/site\/wp-content\/uploads\/2021\/07\/serv5.jpeg","contentUrl":"https:\/\/vrinspecao.com.br\/site\/wp-content\/uploads\/2021\/07\/serv5.jpeg","width":1200,"height":681},{"@type":"BreadcrumbList","@id":"https:\/\/vrinspecao.com.br\/site\/valor-fabricados-artesanalmente\/#breadcrumb","itemListElement":[{"@type":"ListItem","position":1,"name":"In\u00edcio","item":"https:\/\/vrinspecao.com.br\/site\/"},{"@type":"ListItem","position":2,"name":"Valor &#8211; Fabricados Artesanalmente"}]},{"@type":"WebSite","@id":"https:\/\/vrinspecao.com.br\/site\/#website","url":"https:\/\/vrinspecao.com.br\/site\/","name":"VR INSPE\u00c7\u00c3O | Inspe\u00e7\u00e3o Veicular | Volta Redonda RJ","description":"","publisher":{"@id":"https:\/\/vrinspecao.com.br\/site\/#organization"},"potentialAction":[{"@type":"SearchAction","target":{"@type":"EntryPoint","urlTemplate":"https:\/\/vrinspecao.com.br\/site\/?s={search_term_string}"},"query-input":{"@type":"PropertyValueSpecification","valueRequired":true,"valueName":"search_term_string"}}],"inLanguage":"pt-BR"},{"@type":"Organization","@id":"https:\/\/vrinspecao.com.br\/site\/#organization","name":"VR INSPE\u00c7\u00c3O | Inspe\u00e7\u00e3o Veicular | Volta Redonda RJ","url":"https:\/\/vrinspecao.com.br\/site\/","logo":{"@type":"ImageObject","inLanguage":"pt-BR","@id":"https:\/\/vrinspecao.com.br\/site\/#\/schema\/logo\/image\/","url":"https:\/\/vrinspecao.com.br\/site\/wp-content\/uploads\/2023\/07\/cropped-Group-12-4.png","contentUrl":"https:\/\/vrinspecao.com.br\/site\/wp-content\/uploads\/2023\/07\/cropped-Group-12-4.png","width":2047,"height":1183,"caption":"VR INSPE\u00c7\u00c3O | Inspe\u00e7\u00e3o Veicular | Volta Redonda RJ"},"image":{"@id":"https:\/\/vrinspecao.com.br\/site\/#\/schema\/logo\/image\/"}}]}},"_links":{"self":[{"href":"https:\/\/vrinspecao.com.br\/site\/wp-json\/wp\/v2\/pages\/1062","targetHints":{"allow":["GET"]}}],"collection":[{"href":"https:\/\/vrinspecao.com.br\/site\/wp-json\/wp\/v2\/pages"}],"about":[{"href":"https:\/\/vrinspecao.com.br\/site\/wp-json\/wp\/v2\/types\/page"}],"author":[{"embeddable":true,"href":"https:\/\/vrinspecao.com.br\/site\/wp-json\/wp\/v2\/users\/1"}],"replies":[{"embeddable":true,"href":"https:\/\/vrinspecao.com.br\/site\/wp-json\/wp\/v2\/comments?post=1062"}],"version-history":[{"count":3,"href":"https:\/\/vrinspecao.com.br\/site\/wp-json\/wp\/v2\/pages\/1062\/revisions"}],"predecessor-version":[{"id":1250,"href":"https:\/\/vrinspecao.com.br\/site\/wp-json\/wp\/v2\/pages\/1062\/revisions\/1250"}],"wp:attachment":[{"href":"https:\/\/vrinspecao.com.br\/site\/wp-json\/wp\/v2\/media?parent=1062"}],"curies":[{"name":"wp","href":"https:\/\/api.w.org\/{rel}","templated":true}]}}