{"id":1041,"date":"2023-07-07T15:44:32","date_gmt":"2023-07-07T18:44:32","guid":{"rendered":"https:\/\/vrinspecao.com.br\/site\/?page_id=1041"},"modified":"2026-02-13T13:54:13","modified_gmt":"2026-02-13T16:54:13","slug":"valor-inspecao-periodica-do-gnv","status":"publish","type":"page","link":"https:\/\/vrinspecao.com.br\/site\/valor-inspecao-periodica-do-gnv\/","title":{"rendered":"Valor &#8211; Inspe\u00e7\u00e3o peri\u00f3dica do GNV\u200b"},"content":{"rendered":"\t\t<div data-elementor-type=\"wp-page\" data-elementor-id=\"1041\" class=\"elementor elementor-1041\" data-elementor-post-type=\"page\">\n\t\t\t\t\t\t<section class=\"elementor-section elementor-top-section elementor-element elementor-element-827effd elementor-section-boxed elementor-section-height-default elementor-section-height-default exad-glass-effect-no exad-sticky-section-no\" data-id=\"827effd\" data-element_type=\"section\">\n\t\t\t\t\t\t<div class=\"elementor-container elementor-column-gap-default\">\n\t\t\t\t\t<div class=\"elementor-column elementor-col-25 elementor-top-column elementor-element elementor-element-b57de9c exad-glass-effect-no exad-sticky-section-no\" data-id=\"b57de9c\" data-element_type=\"column\">\n\t\t\t<div class=\"elementor-widget-wrap\">\n\t\t\t\t\t\t\t<\/div>\n\t\t<\/div>\n\t\t\t\t<div class=\"elementor-column elementor-col-50 elementor-top-column elementor-element elementor-element-cd6fdff exad-glass-effect-no exad-sticky-section-no\" data-id=\"cd6fdff\" data-element_type=\"column\">\n\t\t\t<div class=\"elementor-widget-wrap elementor-element-populated\">\n\t\t\t\t\t\t<div class=\"elementor-element elementor-element-e1946b3 exad-sticky-section-no exad-glass-effect-no elementor-widget elementor-widget-heading\" data-id=\"e1946b3\" data-element_type=\"widget\" data-widget_type=\"heading.default\">\n\t\t\t\t<div class=\"elementor-widget-container\">\n\t\t\t\t\t<h2 class=\"elementor-heading-title elementor-size-default\">Inspe\u00e7\u00e3o peri\u00f3dica do GNV<\/h2>\t\t\t\t<\/div>\n\t\t\t\t<\/div>\n\t\t\t\t<div class=\"elementor-element elementor-element-275fbf8 exad-sticky-section-no exad-glass-effect-no elementor-widget elementor-widget-image\" data-id=\"275fbf8\" data-element_type=\"widget\" data-widget_type=\"image.default\">\n\t\t\t\t<div class=\"elementor-widget-container\">\n\t\t\t\t\t\t\t\t\t\t\t\t\t\t\t<img fetchpriority=\"high\" decoding=\"async\" width=\"825\" height=\"350\" src=\"https:\/\/vrinspecao.com.br\/site\/wp-content\/uploads\/2021\/07\/serv2.jpg\" class=\"attachment-large size-large wp-image-415\" alt=\"\" srcset=\"https:\/\/vrinspecao.com.br\/site\/wp-content\/uploads\/2021\/07\/serv2.jpg 825w, https:\/\/vrinspecao.com.br\/site\/wp-content\/uploads\/2021\/07\/serv2-300x127.jpg 300w, https:\/\/vrinspecao.com.br\/site\/wp-content\/uploads\/2021\/07\/serv2-768x326.jpg 768w\" sizes=\"(max-width: 825px) 100vw, 825px\" \/>\t\t\t\t\t\t\t\t\t\t\t\t\t\t\t<\/div>\n\t\t\t\t<\/div>\n\t\t\t\t<div class=\"elementor-element elementor-element-0b588cd exad-sticky-section-no exad-glass-effect-no elementor-widget elementor-widget-heading\" data-id=\"0b588cd\" data-element_type=\"widget\" data-widget_type=\"heading.default\">\n\t\t\t\t<div class=\"elementor-widget-container\">\n\t\t\t\t\t<h4 class=\"elementor-heading-title elementor-size-default\">Valor da Inspe\u00e7\u00e3o: R$ 370,00<\/h4>\t\t\t\t<\/div>\n\t\t\t\t<\/div>\n\t\t\t\t<div class=\"elementor-element elementor-element-c43023e exad-sticky-section-no exad-glass-effect-no elementor-widget elementor-widget-text-editor\" data-id=\"c43023e\" data-element_type=\"widget\" data-widget_type=\"text-editor.default\">\n\t\t\t\t<div class=\"elementor-widget-container\">\n\t\t\t\t\t\t\t\t\t<p>O tempo m\u00e9dio de espera \u00e9 de 1 hora, podendo variar de acordo com o tipo de ve\u00edculo e quantidade de ve\u00edculos sendo inspecionados.<\/p>\t\t\t\t\t\t\t\t<\/div>\n\t\t\t\t<\/div>\n\t\t\t\t<div class=\"elementor-element elementor-element-a543006 elementor-align-center exad-sticky-section-no exad-glass-effect-no elementor-widget elementor-widget-button\" data-id=\"a543006\" data-element_type=\"widget\" data-widget_type=\"button.default\">\n\t\t\t\t<div class=\"elementor-widget-container\">\n\t\t\t\t\t\t\t\t\t<div class=\"elementor-button-wrapper\">\n\t\t\t\t\t<a class=\"elementor-button elementor-button-link elementor-size-md elementor-animation-grow\" href=\"https:\/\/wa.me\/5524999886786?text=Ol%C3%A1%2C+gostaria+de+realizar+um+agendamento+para+o+servi%C3%A7o+Inspe%C3%A7%C3%A3o+peri%C3%B3dica+do+GNV%E2%80%8B\">\n\t\t\t\t\t\t<span class=\"elementor-button-content-wrapper\">\n\t\t\t\t\t\t<span class=\"elementor-button-icon\">\n\t\t\t\t<i aria-hidden=\"true\" class=\"fab fa-whatsapp\"><\/i>\t\t\t<\/span>\n\t\t\t\t\t\t\t\t\t<span class=\"elementor-button-text\">AGENDAR SERVI\u00c7O<\/span>\n\t\t\t\t\t<\/span>\n\t\t\t\t\t<\/a>\n\t\t\t\t<\/div>\n\t\t\t\t\t\t\t\t<\/div>\n\t\t\t\t<\/div>\n\t\t\t\t\t<\/div>\n\t\t<\/div>\n\t\t\t\t<div class=\"elementor-column elementor-col-25 elementor-top-column elementor-element elementor-element-2e7c57b exad-glass-effect-no exad-sticky-section-no\" data-id=\"2e7c57b\" data-element_type=\"column\">\n\t\t\t<div class=\"elementor-widget-wrap\">\n\t\t\t\t\t\t\t<\/div>\n\t\t<\/div>\n\t\t\t\t\t<\/div>\n\t\t<\/section>\n\t\t\t\t<\/div>\n\t\t","protected":false},"excerpt":{"rendered":"<p>Inspe\u00e7\u00e3o peri\u00f3dica do GNV Valor da Inspe\u00e7\u00e3o: R$ 370,00 O tempo m\u00e9dio de espera \u00e9 de 1 hora, podendo variar de acordo com o tipo de ve\u00edculo e quantidade de ve\u00edculos sendo inspecionados. AGENDAR SERVI\u00c7O<\/p>\n","protected":false},"author":1,"featured_media":0,"parent":0,"menu_order":0,"comment_status":"closed","ping_status":"closed","template":"elementor_header_footer","meta":{"footnotes":""},"class_list":["post-1041","page","type-page","status-publish","hentry"],"yoast_head":"<!-- This site is optimized with the Yoast SEO plugin v26.8 - https:\/\/yoast.com\/product\/yoast-seo-wordpress\/ -->\n<title>VR INSPE\u00c7\u00c3O | Inspe\u00e7\u00e3o Veicular | Volta Redonda RJ - Valor - Inspe\u00e7\u00e3o peri\u00f3dica do GNV\u200b<\/title>\n<meta name=\"robots\" content=\"index, follow, max-snippet:-1, max-image-preview:large, max-video-preview:-1\" \/>\n<link rel=\"canonical\" href=\"https:\/\/vrinspecao.com.br\/site\/valor-inspecao-periodica-do-gnv\/\" \/>\n<meta property=\"og:locale\" content=\"pt_BR\" \/>\n<meta property=\"og:type\" content=\"article\" \/>\n<meta property=\"og:title\" content=\"VR INSPE\u00c7\u00c3O | Inspe\u00e7\u00e3o Veicular | Volta Redonda RJ - Valor - Inspe\u00e7\u00e3o peri\u00f3dica do GNV\u200b\" \/>\n<meta property=\"og:description\" content=\"Inspe\u00e7\u00e3o peri\u00f3dica do GNV Valor da Inspe\u00e7\u00e3o: R$ 370,00 O tempo m\u00e9dio de espera \u00e9 de 1 hora, podendo variar de acordo com o tipo de ve\u00edculo e quantidade de ve\u00edculos sendo inspecionados. AGENDAR SERVI\u00c7O\" \/>\n<meta property=\"og:url\" content=\"https:\/\/vrinspecao.com.br\/site\/valor-inspecao-periodica-do-gnv\/\" \/>\n<meta property=\"og:site_name\" content=\"VR INSPE\u00c7\u00c3O | Inspe\u00e7\u00e3o Veicular | Volta Redonda RJ\" \/>\n<meta property=\"article:modified_time\" content=\"2026-02-13T16:54:13+00:00\" \/>\n<meta property=\"og:image\" content=\"https:\/\/vrinspecao.com.br\/site\/wp-content\/uploads\/2021\/07\/serv2.jpg\" \/>\n\t<meta property=\"og:image:width\" content=\"825\" \/>\n\t<meta property=\"og:image:height\" content=\"350\" \/>\n\t<meta property=\"og:image:type\" content=\"image\/jpeg\" \/>\n<meta name=\"twitter:card\" content=\"summary_large_image\" \/>\n<meta name=\"twitter:label1\" content=\"Est. tempo de leitura\" \/>\n\t<meta name=\"twitter:data1\" content=\"1 minuto\" \/>\n<script type=\"application\/ld+json\" class=\"yoast-schema-graph\">{\"@context\":\"https:\/\/schema.org\",\"@graph\":[{\"@type\":\"WebPage\",\"@id\":\"https:\/\/vrinspecao.com.br\/site\/valor-inspecao-periodica-do-gnv\/\",\"url\":\"https:\/\/vrinspecao.com.br\/site\/valor-inspecao-periodica-do-gnv\/\",\"name\":\"VR INSPE\u00c7\u00c3O | Inspe\u00e7\u00e3o Veicular | Volta Redonda RJ - Valor - Inspe\u00e7\u00e3o peri\u00f3dica do GNV\u200b\",\"isPartOf\":{\"@id\":\"https:\/\/vrinspecao.com.br\/site\/#website\"},\"primaryImageOfPage\":{\"@id\":\"https:\/\/vrinspecao.com.br\/site\/valor-inspecao-periodica-do-gnv\/#primaryimage\"},\"image\":{\"@id\":\"https:\/\/vrinspecao.com.br\/site\/valor-inspecao-periodica-do-gnv\/#primaryimage\"},\"thumbnailUrl\":\"https:\/\/vrinspecao.com.br\/site\/wp-content\/uploads\/2021\/07\/serv2.jpg\",\"datePublished\":\"2023-07-07T18:44:32+00:00\",\"dateModified\":\"2026-02-13T16:54:13+00:00\",\"breadcrumb\":{\"@id\":\"https:\/\/vrinspecao.com.br\/site\/valor-inspecao-periodica-do-gnv\/#breadcrumb\"},\"inLanguage\":\"pt-BR\",\"potentialAction\":[{\"@type\":\"ReadAction\",\"target\":[\"https:\/\/vrinspecao.com.br\/site\/valor-inspecao-periodica-do-gnv\/\"]}]},{\"@type\":\"ImageObject\",\"inLanguage\":\"pt-BR\",\"@id\":\"https:\/\/vrinspecao.com.br\/site\/valor-inspecao-periodica-do-gnv\/#primaryimage\",\"url\":\"https:\/\/vrinspecao.com.br\/site\/wp-content\/uploads\/2021\/07\/serv2.jpg\",\"contentUrl\":\"https:\/\/vrinspecao.com.br\/site\/wp-content\/uploads\/2021\/07\/serv2.jpg\",\"width\":825,\"height\":350},{\"@type\":\"BreadcrumbList\",\"@id\":\"https:\/\/vrinspecao.com.br\/site\/valor-inspecao-periodica-do-gnv\/#breadcrumb\",\"itemListElement\":[{\"@type\":\"ListItem\",\"position\":1,\"name\":\"In\u00edcio\",\"item\":\"https:\/\/vrinspecao.com.br\/site\/\"},{\"@type\":\"ListItem\",\"position\":2,\"name\":\"Valor &#8211; Inspe\u00e7\u00e3o peri\u00f3dica do GNV\u200b\"}]},{\"@type\":\"WebSite\",\"@id\":\"https:\/\/vrinspecao.com.br\/site\/#website\",\"url\":\"https:\/\/vrinspecao.com.br\/site\/\",\"name\":\"VR INSPE\u00c7\u00c3O | Inspe\u00e7\u00e3o Veicular | Volta Redonda RJ\",\"description\":\"\",\"publisher\":{\"@id\":\"https:\/\/vrinspecao.com.br\/site\/#organization\"},\"potentialAction\":[{\"@type\":\"SearchAction\",\"target\":{\"@type\":\"EntryPoint\",\"urlTemplate\":\"https:\/\/vrinspecao.com.br\/site\/?s={search_term_string}\"},\"query-input\":{\"@type\":\"PropertyValueSpecification\",\"valueRequired\":true,\"valueName\":\"search_term_string\"}}],\"inLanguage\":\"pt-BR\"},{\"@type\":\"Organization\",\"@id\":\"https:\/\/vrinspecao.com.br\/site\/#organization\",\"name\":\"VR INSPE\u00c7\u00c3O | Inspe\u00e7\u00e3o Veicular | Volta Redonda RJ\",\"url\":\"https:\/\/vrinspecao.com.br\/site\/\",\"logo\":{\"@type\":\"ImageObject\",\"inLanguage\":\"pt-BR\",\"@id\":\"https:\/\/vrinspecao.com.br\/site\/#\/schema\/logo\/image\/\",\"url\":\"https:\/\/vrinspecao.com.br\/site\/wp-content\/uploads\/2023\/07\/cropped-Group-12-4.png\",\"contentUrl\":\"https:\/\/vrinspecao.com.br\/site\/wp-content\/uploads\/2023\/07\/cropped-Group-12-4.png\",\"width\":2047,\"height\":1183,\"caption\":\"VR INSPE\u00c7\u00c3O | Inspe\u00e7\u00e3o Veicular | Volta Redonda RJ\"},\"image\":{\"@id\":\"https:\/\/vrinspecao.com.br\/site\/#\/schema\/logo\/image\/\"}}]}<\/script>\n<!-- \/ Yoast SEO plugin. -->","yoast_head_json":{"title":"VR INSPE\u00c7\u00c3O | Inspe\u00e7\u00e3o Veicular | Volta Redonda RJ - Valor - Inspe\u00e7\u00e3o peri\u00f3dica do GNV\u200b","robots":{"index":"index","follow":"follow","max-snippet":"max-snippet:-1","max-image-preview":"max-image-preview:large","max-video-preview":"max-video-preview:-1"},"canonical":"https:\/\/vrinspecao.com.br\/site\/valor-inspecao-periodica-do-gnv\/","og_locale":"pt_BR","og_type":"article","og_title":"VR INSPE\u00c7\u00c3O | Inspe\u00e7\u00e3o Veicular | Volta Redonda RJ - Valor - Inspe\u00e7\u00e3o peri\u00f3dica do GNV\u200b","og_description":"Inspe\u00e7\u00e3o peri\u00f3dica do GNV Valor da Inspe\u00e7\u00e3o: R$ 370,00 O tempo m\u00e9dio de espera \u00e9 de 1 hora, podendo variar de acordo com o tipo de ve\u00edculo e quantidade de ve\u00edculos sendo inspecionados. AGENDAR SERVI\u00c7O","og_url":"https:\/\/vrinspecao.com.br\/site\/valor-inspecao-periodica-do-gnv\/","og_site_name":"VR INSPE\u00c7\u00c3O | Inspe\u00e7\u00e3o Veicular | Volta Redonda RJ","article_modified_time":"2026-02-13T16:54:13+00:00","og_image":[{"width":825,"height":350,"url":"https:\/\/vrinspecao.com.br\/site\/wp-content\/uploads\/2021\/07\/serv2.jpg","type":"image\/jpeg"}],"twitter_card":"summary_large_image","twitter_misc":{"Est. tempo de leitura":"1 minuto"},"schema":{"@context":"https:\/\/schema.org","@graph":[{"@type":"WebPage","@id":"https:\/\/vrinspecao.com.br\/site\/valor-inspecao-periodica-do-gnv\/","url":"https:\/\/vrinspecao.com.br\/site\/valor-inspecao-periodica-do-gnv\/","name":"VR INSPE\u00c7\u00c3O | Inspe\u00e7\u00e3o Veicular | Volta Redonda RJ - Valor - Inspe\u00e7\u00e3o peri\u00f3dica do GNV\u200b","isPartOf":{"@id":"https:\/\/vrinspecao.com.br\/site\/#website"},"primaryImageOfPage":{"@id":"https:\/\/vrinspecao.com.br\/site\/valor-inspecao-periodica-do-gnv\/#primaryimage"},"image":{"@id":"https:\/\/vrinspecao.com.br\/site\/valor-inspecao-periodica-do-gnv\/#primaryimage"},"thumbnailUrl":"https:\/\/vrinspecao.com.br\/site\/wp-content\/uploads\/2021\/07\/serv2.jpg","datePublished":"2023-07-07T18:44:32+00:00","dateModified":"2026-02-13T16:54:13+00:00","breadcrumb":{"@id":"https:\/\/vrinspecao.com.br\/site\/valor-inspecao-periodica-do-gnv\/#breadcrumb"},"inLanguage":"pt-BR","potentialAction":[{"@type":"ReadAction","target":["https:\/\/vrinspecao.com.br\/site\/valor-inspecao-periodica-do-gnv\/"]}]},{"@type":"ImageObject","inLanguage":"pt-BR","@id":"https:\/\/vrinspecao.com.br\/site\/valor-inspecao-periodica-do-gnv\/#primaryimage","url":"https:\/\/vrinspecao.com.br\/site\/wp-content\/uploads\/2021\/07\/serv2.jpg","contentUrl":"https:\/\/vrinspecao.com.br\/site\/wp-content\/uploads\/2021\/07\/serv2.jpg","width":825,"height":350},{"@type":"BreadcrumbList","@id":"https:\/\/vrinspecao.com.br\/site\/valor-inspecao-periodica-do-gnv\/#breadcrumb","itemListElement":[{"@type":"ListItem","position":1,"name":"In\u00edcio","item":"https:\/\/vrinspecao.com.br\/site\/"},{"@type":"ListItem","position":2,"name":"Valor &#8211; Inspe\u00e7\u00e3o peri\u00f3dica do GNV\u200b"}]},{"@type":"WebSite","@id":"https:\/\/vrinspecao.com.br\/site\/#website","url":"https:\/\/vrinspecao.com.br\/site\/","name":"VR INSPE\u00c7\u00c3O | Inspe\u00e7\u00e3o Veicular | Volta Redonda RJ","description":"","publisher":{"@id":"https:\/\/vrinspecao.com.br\/site\/#organization"},"potentialAction":[{"@type":"SearchAction","target":{"@type":"EntryPoint","urlTemplate":"https:\/\/vrinspecao.com.br\/site\/?s={search_term_string}"},"query-input":{"@type":"PropertyValueSpecification","valueRequired":true,"valueName":"search_term_string"}}],"inLanguage":"pt-BR"},{"@type":"Organization","@id":"https:\/\/vrinspecao.com.br\/site\/#organization","name":"VR INSPE\u00c7\u00c3O | Inspe\u00e7\u00e3o Veicular | Volta Redonda RJ","url":"https:\/\/vrinspecao.com.br\/site\/","logo":{"@type":"ImageObject","inLanguage":"pt-BR","@id":"https:\/\/vrinspecao.com.br\/site\/#\/schema\/logo\/image\/","url":"https:\/\/vrinspecao.com.br\/site\/wp-content\/uploads\/2023\/07\/cropped-Group-12-4.png","contentUrl":"https:\/\/vrinspecao.com.br\/site\/wp-content\/uploads\/2023\/07\/cropped-Group-12-4.png","width":2047,"height":1183,"caption":"VR INSPE\u00c7\u00c3O | Inspe\u00e7\u00e3o Veicular | Volta Redonda RJ"},"image":{"@id":"https:\/\/vrinspecao.com.br\/site\/#\/schema\/logo\/image\/"}}]}},"_links":{"self":[{"href":"https:\/\/vrinspecao.com.br\/site\/wp-json\/wp\/v2\/pages\/1041","targetHints":{"allow":["GET"]}}],"collection":[{"href":"https:\/\/vrinspecao.com.br\/site\/wp-json\/wp\/v2\/pages"}],"about":[{"href":"https:\/\/vrinspecao.com.br\/site\/wp-json\/wp\/v2\/types\/page"}],"author":[{"embeddable":true,"href":"https:\/\/vrinspecao.com.br\/site\/wp-json\/wp\/v2\/users\/1"}],"replies":[{"embeddable":true,"href":"https:\/\/vrinspecao.com.br\/site\/wp-json\/wp\/v2\/comments?post=1041"}],"version-history":[{"count":3,"href":"https:\/\/vrinspecao.com.br\/site\/wp-json\/wp\/v2\/pages\/1041\/revisions"}],"predecessor-version":[{"id":1244,"href":"https:\/\/vrinspecao.com.br\/site\/wp-json\/wp\/v2\/pages\/1041\/revisions\/1244"}],"wp:attachment":[{"href":"https:\/\/vrinspecao.com.br\/site\/wp-json\/wp\/v2\/media?parent=1041"}],"curies":[{"name":"wp","href":"https:\/\/api.w.org\/{rel}","templated":true}]}}